{"id":231,"date":"2020-03-20T13:10:02","date_gmt":"2020-03-20T11:10:02","guid":{"rendered":"https:\/\/ac-aventuras.com\/?page_id=231"},"modified":"2023-10-20T16:21:25","modified_gmt":"2023-10-20T14:21:25","slug":"descargas-en-construccion","status":"publish","type":"page","link":"https:\/\/ac-aventuras.com\/index.php\/descargas-en-construccion\/","title":{"rendered":"REGALO"},"content":{"rendered":"\t\t<div data-elementor-type=\"wp-page\" data-elementor-id=\"231\" class=\"elementor elementor-231\" data-elementor-settings=\"[]\">\n\t\t\t\t\t\t<div class=\"elementor-inner\">\n\t\t\t\t\t\t\t<div class=\"elementor-section-wrap\">\n\t\t\t\t\t\t\t<section class=\"elementor-section elementor-top-section elementor-element elementor-element-e5cad4b elementor-section-height-min-height elementor-section-boxed elementor-section-height-default elementor-section-items-middle\" data-id=\"e5cad4b\" data-element_type=\"section\">\n\t\t\t\t\t\t<div class=\"elementor-container elementor-column-gap-default\">\n\t\t\t\t\t\t\t<div class=\"elementor-row\">\n\t\t\t\t\t<div class=\"elementor-column elementor-col-100 elementor-top-column elementor-element elementor-element-b5d25ea\" data-id=\"b5d25ea\" data-element_type=\"column\">\n\t\t\t<div class=\"elementor-column-wrap elementor-element-populated\">\n\t\t\t\t\t\t\t<div class=\"elementor-widget-wrap\">\n\t\t\t\t\t\t<div class=\"elementor-element elementor-element-a2c9c87 elementor-widget elementor-widget-heading\" data-id=\"a2c9c87\" data-element_type=\"widget\" data-widget_type=\"heading.default\">\n\t\t\t\t<div class=\"elementor-widget-container\">\n\t\t\t<h2 class=\"elementor-heading-title elementor-size-default\">REGALO<\/h2>\t\t<\/div>\n\t\t\t\t<\/div>\n\t\t\t\t<div class=\"elementor-element elementor-element-53030b4 elementor-widget elementor-widget-heading\" data-id=\"53030b4\" data-element_type=\"widget\" data-widget_type=\"heading.default\">\n\t\t\t\t<div class=\"elementor-widget-container\">\n\t\t\t<h2 class=\"elementor-heading-title elementor-size-default\">\u00bfQUIERES SABER LAS CLAVES PARA VIAJAR EN AUTOCARAVANA?<\/h2>\t\t<\/div>\n\t\t\t\t<\/div>\n\t\t\t\t<div class=\"elementor-element elementor-element-ed157b8 elementor-widget elementor-widget-text-editor\" data-id=\"ed157b8\" data-element_type=\"widget\" data-widget_type=\"text-editor.default\">\n\t\t\t\t<div class=\"elementor-widget-container\">\n\t\t\t\t\t\t\t\t<div class=\"elementor-text-editor elementor-clearfix\">\n\t\t\t\t<p>Ll\u00e9vate <strong>GRATIS<\/strong> la Gu\u00eda <strong>\u00abLas 7 grandes claves para viajar en\u00a0Autocaravana\u00bb<\/strong><\/p>\t\t\t\t\t<\/div>\n\t\t\t\t\t\t<\/div>\n\t\t\t\t<\/div>\n\t\t\t\t\t\t<\/div>\n\t\t\t\t\t<\/div>\n\t\t<\/div>\n\t\t\t\t\t\t\t\t<\/div>\n\t\t\t\t\t<\/div>\n\t\t<\/section>\n\t\t\t\t<section class=\"elementor-section elementor-top-section elementor-element elementor-element-2c2ba2e elementor-section-height-full elementor-section-items-top elementor-section-boxed elementor-section-height-default\" data-id=\"2c2ba2e\" data-element_type=\"section\">\n\t\t\t\t\t\t<div class=\"elementor-container elementor-column-gap-default\">\n\t\t\t\t\t\t\t<div class=\"elementor-row\">\n\t\t\t\t\t<div class=\"elementor-column elementor-col-100 elementor-top-column elementor-element elementor-element-c2ba463\" data-id=\"c2ba463\" data-element_type=\"column\">\n\t\t\t<div class=\"elementor-column-wrap elementor-element-populated\">\n\t\t\t\t\t\t\t<div class=\"elementor-widget-wrap\">\n\t\t\t\t\t\t<section class=\"elementor-section elementor-inner-section elementor-element elementor-element-2a52d9e elementor-section-content-top elementor-section-boxed elementor-section-height-default elementor-section-height-default\" data-id=\"2a52d9e\" data-element_type=\"section\">\n\t\t\t\t\t\t<div class=\"elementor-container elementor-column-gap-default\">\n\t\t\t\t\t\t\t<div class=\"elementor-row\">\n\t\t\t\t\t<div class=\"elementor-column elementor-col-50 elementor-inner-column elementor-element elementor-element-d820cfc\" data-id=\"d820cfc\" data-element_type=\"column\">\n\t\t\t<div class=\"elementor-column-wrap elementor-element-populated\">\n\t\t\t\t\t\t\t<div class=\"elementor-widget-wrap\">\n\t\t\t\t\t\t<div class=\"elementor-element elementor-element-4acbc53 elementor-widget elementor-widget-image\" data-id=\"4acbc53\" data-element_type=\"widget\" data-widget_type=\"image.default\">\n\t\t\t\t<div class=\"elementor-widget-container\">\n\t\t\t\t\t\t\t\t<div class=\"elementor-image\">\n\t\t\t\t\t\t\t\t\t\t\t\t<img decoding=\"async\" loading=\"lazy\" width=\"511\" height=\"457\" src=\"https:\/\/ac-aventuras.com\/wp-content\/uploads\/2020\/03\/paperbackstack_511x457.png\" class=\"attachment-large size-large\" alt=\"\" srcset=\"https:\/\/ac-aventuras.com\/wp-content\/uploads\/2020\/03\/paperbackstack_511x457.png 511w, https:\/\/ac-aventuras.com\/wp-content\/uploads\/2020\/03\/paperbackstack_511x457-300x268.png 300w\" sizes=\"(max-width: 511px) 100vw, 511px\" \/>\t\t\t\t\t\t\t\t\t\t\t\t\t\t<\/div>\n\t\t\t\t\t\t<\/div>\n\t\t\t\t<\/div>\n\t\t\t\t\t\t<\/div>\n\t\t\t\t\t<\/div>\n\t\t<\/div>\n\t\t\t\t<div class=\"elementor-column elementor-col-50 elementor-inner-column elementor-element elementor-element-8690c0e\" data-id=\"8690c0e\" data-element_type=\"column\">\n\t\t\t<div class=\"elementor-column-wrap elementor-element-populated\">\n\t\t\t\t\t\t\t<div class=\"elementor-widget-wrap\">\n\t\t\t\t\t\t<div class=\"elementor-element elementor-element-f9d5084 elementor-widget elementor-widget-heading\" data-id=\"f9d5084\" data-element_type=\"widget\" data-widget_type=\"heading.default\">\n\t\t\t\t<div class=\"elementor-widget-container\">\n\t\t\t<h2 class=\"elementor-heading-title elementor-size-default\">EN LA GUIA VAS A DESCUBRIR...<\/h2>\t\t<\/div>\n\t\t\t\t<\/div>\n\t\t\t\t<div class=\"elementor-element elementor-element-3c045ee elementor-icon-list--layout-traditional elementor-list-item-link-full_width elementor-widget elementor-widget-icon-list\" data-id=\"3c045ee\" data-element_type=\"widget\" data-widget_type=\"icon-list.default\">\n\t\t\t\t<div class=\"elementor-widget-container\">\n\t\t\t\t\t<ul class=\"elementor-icon-list-items\">\n\t\t\t\t\t\t\t<li class=\"elementor-icon-list-item\">\n\t\t\t\t\t\t\t\t\t\t\t<span class=\"elementor-icon-list-icon\">\n\t\t\t\t\t\t\t<i aria-hidden=\"true\" class=\"fas fa-chevron-right\"><\/i>\t\t\t\t\t\t<\/span>\n\t\t\t\t\t\t\t\t\t\t<span class=\"elementor-icon-list-text\"><span style=\"color: #3ca3cf;\">Clave n\u00ba 1-<\/span> &nbsp;Legislaci\u00f3n<\/span>\n\t\t\t\t\t\t\t\t\t<\/li>\n\t\t\t\t\t\t\t\t<li class=\"elementor-icon-list-item\">\n\t\t\t\t\t\t\t\t\t\t\t<span class=\"elementor-icon-list-icon\">\n\t\t\t\t\t\t\t<i aria-hidden=\"true\" class=\"fas fa-chevron-right\"><\/i>\t\t\t\t\t\t<\/span>\n\t\t\t\t\t\t\t\t\t\t<span class=\"elementor-icon-list-text\"><span style=\"color: #3ca3cf;\">Clave n\u00ba 2-<\/span> &nbsp;Documentaci\u00f3n<\/span>\n\t\t\t\t\t\t\t\t\t<\/li>\n\t\t\t\t\t\t\t\t<li class=\"elementor-icon-list-item\">\n\t\t\t\t\t\t\t\t\t\t\t<span class=\"elementor-icon-list-icon\">\n\t\t\t\t\t\t\t<i aria-hidden=\"true\" class=\"fas fa-chevron-right\"><\/i>\t\t\t\t\t\t<\/span>\n\t\t\t\t\t\t\t\t\t\t<span class=\"elementor-icon-list-text\"><span style=\"color: #3ca3cf;\">Clave n\u00ba 3-<\/span> &nbsp;Seguridad<\/span>\n\t\t\t\t\t\t\t\t\t<\/li>\n\t\t\t\t\t\t\t\t<li class=\"elementor-icon-list-item\">\n\t\t\t\t\t\t\t\t\t\t\t<span class=\"elementor-icon-list-icon\">\n\t\t\t\t\t\t\t<i aria-hidden=\"true\" class=\"fas fa-chevron-right\"><\/i>\t\t\t\t\t\t<\/span>\n\t\t\t\t\t\t\t\t\t\t<span class=\"elementor-icon-list-text\"><span style=\"color: #3ca3cf;\">Clave n\u00ba 4-<\/span> &nbsp;Organizaci\u00f3n<\/span>\n\t\t\t\t\t\t\t\t\t<\/li>\n\t\t\t\t\t\t\t\t<li class=\"elementor-icon-list-item\">\n\t\t\t\t\t\t\t\t\t\t\t<span class=\"elementor-icon-list-icon\">\n\t\t\t\t\t\t\t<i aria-hidden=\"true\" class=\"fas fa-chevron-right\"><\/i>\t\t\t\t\t\t<\/span>\n\t\t\t\t\t\t\t\t\t\t<span class=\"elementor-icon-list-text\"><span style=\"color: #3ca3cf;\">Clave n\u00ba 5-<\/span> &nbsp;Planificaci\u00f3n<\/span>\n\t\t\t\t\t\t\t\t\t<\/li>\n\t\t\t\t\t\t\t\t<li class=\"elementor-icon-list-item\">\n\t\t\t\t\t\t\t\t\t\t\t<span class=\"elementor-icon-list-icon\">\n\t\t\t\t\t\t\t<i aria-hidden=\"true\" class=\"fas fa-chevron-right\"><\/i>\t\t\t\t\t\t<\/span>\n\t\t\t\t\t\t\t\t\t\t<span class=\"elementor-icon-list-text\"><span style=\"color: #3ca3cf;\">Clave n\u00ba 6-<\/span> &nbsp;Comprobaci\u00f3n<\/span>\n\t\t\t\t\t\t\t\t\t<\/li>\n\t\t\t\t\t\t\t\t<li class=\"elementor-icon-list-item\">\n\t\t\t\t\t\t\t\t\t\t\t<span class=\"elementor-icon-list-icon\">\n\t\t\t\t\t\t\t<i aria-hidden=\"true\" class=\"fas fa-chevron-right\"><\/i>\t\t\t\t\t\t<\/span>\n\t\t\t\t\t\t\t\t\t\t<span class=\"elementor-icon-list-text\"><span style=\"color: #3ca3cf;\">Clave n\u00ba 7-<\/span> &nbsp;Arrancar y Disfrutar<\/span>\n\t\t\t\t\t\t\t\t\t<\/li>\n\t\t\t\t\t\t<\/ul>\n\t\t\t\t<\/div>\n\t\t\t\t<\/div>\n\t\t\t\t\t\t<\/div>\n\t\t\t\t\t<\/div>\n\t\t<\/div>\n\t\t\t\t\t\t\t\t<\/div>\n\t\t\t\t\t<\/div>\n\t\t<\/section>\n\t\t\t\t<div class=\"elementor-element elementor-element-4ef5903 elementor-widget__width-initial elementor-widget elementor-widget-shortcode\" data-id=\"4ef5903\" data-element_type=\"widget\" data-widget_type=\"shortcode.default\">\n\t\t\t\t<div class=\"elementor-widget-container\">\n\t\t\t\t\t<div class=\"elementor-shortcode\">[thrive_leads id='256']<\/div>\n\t\t\t\t<\/div>\n\t\t\t\t<\/div>\n\t\t\t\t<div class=\"elementor-element elementor-element-d47ce03 elementor-widget elementor-widget-text-editor\" data-id=\"d47ce03\" data-element_type=\"widget\" data-widget_type=\"text-editor.default\">\n\t\t\t\t<div class=\"elementor-widget-container\">\n\t\t\t\t\t\t\t\t<div class=\"elementor-text-editor elementor-clearfix\">\n\t\t\t\t<h6 dir=\"ltr\" data-css=\"tve-u-205e36a6071478b\">INFORMACI\u00d3N B\u00c1SICA SOBRE PROTECCI\u00d3N DE DATOS<\/h6><h6 dir=\"ltr\" data-css=\"tve-u-215e36a607147c5\">Responsable: AC-Aventuras\/\/ Finalidad: Gestionar y enviar informaci\u00f3n de boletines y promociones a trav\u00e9s de correo electr\u00f3nico. \/\/ Legitimaci\u00f3n: Consentimiento del interesado. \/\/ Destinatarios: Los datos que me facilites ser\u00e1n ubicados en los servidores de Active Campaign, mi proveedor de email marketing, adherido al acuerdo<a href=\"https:\/\/www.privacyshield.gov\/participant?id=a2zt0000000TO6hAAG&amp;status=Active\">\u00a0<\/a>Privacy Shield. \/\/ Derechos: Puedes ejercitar en cualquier momento tus derechos de acceso, rectificaci\u00f3n, supresi\u00f3n, oposici\u00f3n y dem\u00e1s derechos legalmente establecidos a trav\u00e9s del email info@ac-aventuras.com \/\/ Informaci\u00f3n adicional: Encontrar\u00e1s m\u00e1s informaci\u00f3n en la\u00a0<a class=\"tve-froala\" href=\"https:\/\/ac-aventuras.com\/index.php\/privacy-policy\/\">pol\u00edtica de privacidad<\/a>.<\/h6>\t\t\t\t\t<\/div>\n\t\t\t\t\t\t<\/div>\n\t\t\t\t<\/div>\n\t\t\t\t\t\t<\/div>\n\t\t\t\t\t<\/div>\n\t\t<\/div>\n\t\t\t\t\t\t\t\t<\/div>\n\t\t\t\t\t<\/div>\n\t\t<\/section>\n\t\t\t\t\t\t<\/div>\n\t\t\t\t\t\t<\/div>\n\t\t\t\t\t<\/div>\n\t\t","protected":false},"excerpt":{"rendered":"<p>REGALO \u00bfQUIERES SABER LAS CLAVES PARA VIAJAR EN AUTOCARAVANA? Ll\u00e9vate GRATIS la Gu\u00eda \u00abLas 7 grandes claves para viajar en\u00a0Autocaravana\u00bb EN LA GUIA VAS A DESCUBRIR&#8230; Clave n\u00ba 1- &nbsp;Legislaci\u00f3n Clave n\u00ba 2- &nbsp;Documentaci\u00f3n Clave n\u00ba 3- &nbsp;Seguridad Clave n\u00ba 4- &nbsp;Organizaci\u00f3n Clave n\u00ba 5- &nbsp;Planificaci\u00f3n Clave n\u00ba 6- &nbsp;Comprobaci\u00f3n Clave n\u00ba 7- &nbsp;Arrancar y &#8230; <a title=\"REGALO\" class=\"read-more\" href=\"https:\/\/ac-aventuras.com\/index.php\/descargas-en-construccion\/\">Leer m\u00e1s <span class=\"screen-reader-text\">REGALO<\/span><\/a><\/p>\n","protected":false},"author":1,"featured_media":0,"parent":0,"menu_order":0,"comment_status":"closed","ping_status":"closed","template":"elementor_canvas","meta":{"_mi_skip_tracking":false,"_monsterinsights_sitenote_active":false,"_monsterinsights_sitenote_note":"","_monsterinsights_sitenote_category":0,"footnotes":""},"yoast_head":"<!-- This site is optimized with the Yoast SEO plugin v15.3 - https:\/\/yoast.com\/wordpress\/plugins\/seo\/ -->\n<title>REGALO - Aventuras en Autocaravana<\/title>\n<meta name=\"robots\" content=\"index, follow, max-snippet:-1, max-image-preview:large, max-video-preview:-1\" \/>\n<link rel=\"canonical\" href=\"https:\/\/ac-aventuras.com\/index.php\/descargas-en-construccion\/\" \/>\n<meta property=\"og:locale\" content=\"es_ES\" \/>\n<meta property=\"og:type\" content=\"article\" \/>\n<meta property=\"og:title\" content=\"REGALO - Aventuras en Autocaravana\" \/>\n<meta property=\"og:description\" content=\"REGALO \u00bfQUIERES SABER LAS CLAVES PARA VIAJAR EN AUTOCARAVANA? Ll\u00e9vate GRATIS la Gu\u00eda \u00abLas 7 grandes claves para viajar en\u00a0Autocaravana\u00bb EN LA GUIA VAS A DESCUBRIR&#8230; Clave n\u00ba 1- &nbsp;Legislaci\u00f3n Clave n\u00ba 2- &nbsp;Documentaci\u00f3n Clave n\u00ba 3- &nbsp;Seguridad Clave n\u00ba 4- &nbsp;Organizaci\u00f3n Clave n\u00ba 5- &nbsp;Planificaci\u00f3n Clave n\u00ba 6- &nbsp;Comprobaci\u00f3n Clave n\u00ba 7- &nbsp;Arrancar y ... Leer m\u00e1s REGALO\" \/>\n<meta property=\"og:url\" content=\"https:\/\/ac-aventuras.com\/index.php\/descargas-en-construccion\/\" \/>\n<meta property=\"og:site_name\" content=\"Aventuras en Autocaravana\" \/>\n<meta property=\"article:modified_time\" content=\"2023-10-20T14:21:25+00:00\" \/>\n<meta property=\"og:image\" content=\"https:\/\/ac-aventuras.com\/wp-content\/uploads\/2020\/03\/paperbackstack_511x457.png\" \/>\n<meta name=\"twitter:card\" content=\"summary_large_image\" \/>\n<meta name=\"twitter:label1\" content=\"Escrito por\">\n\t<meta name=\"twitter:data1\" content=\"T.J. Berry\">\n\t<meta name=\"twitter:label2\" content=\"Tiempo de lectura\">\n\t<meta name=\"twitter:data2\" content=\"1 minuto\">\n<script type=\"application\/ld+json\" class=\"yoast-schema-graph\">{\"@context\":\"https:\/\/schema.org\",\"@graph\":[{\"@type\":\"WebSite\",\"@id\":\"https:\/\/ac-aventuras.com\/#website\",\"url\":\"https:\/\/ac-aventuras.com\/\",\"name\":\"Aventuras en Autocaravana\",\"description\":\"Vive tu aventura en autocaravana\",\"potentialAction\":[{\"@type\":\"SearchAction\",\"target\":\"https:\/\/ac-aventuras.com\/?s={search_term_string}\",\"query-input\":\"required name=search_term_string\"}],\"inLanguage\":\"es\"},{\"@type\":\"ImageObject\",\"@id\":\"https:\/\/ac-aventuras.com\/index.php\/descargas-en-construccion\/#primaryimage\",\"inLanguage\":\"es\",\"url\":\"https:\/\/ac-aventuras.com\/wp-content\/uploads\/2020\/03\/paperbackstack_511x457.png\",\"width\":511,\"height\":457},{\"@type\":\"WebPage\",\"@id\":\"https:\/\/ac-aventuras.com\/index.php\/descargas-en-construccion\/#webpage\",\"url\":\"https:\/\/ac-aventuras.com\/index.php\/descargas-en-construccion\/\",\"name\":\"REGALO - Aventuras en Autocaravana\",\"isPartOf\":{\"@id\":\"https:\/\/ac-aventuras.com\/#website\"},\"primaryImageOfPage\":{\"@id\":\"https:\/\/ac-aventuras.com\/index.php\/descargas-en-construccion\/#primaryimage\"},\"datePublished\":\"2020-03-20T11:10:02+00:00\",\"dateModified\":\"2023-10-20T14:21:25+00:00\",\"inLanguage\":\"es\",\"potentialAction\":[{\"@type\":\"ReadAction\",\"target\":[\"https:\/\/ac-aventuras.com\/index.php\/descargas-en-construccion\/\"]}]}]}<\/script>\n<!-- \/ Yoast SEO plugin. -->","_links":{"self":[{"href":"https:\/\/ac-aventuras.com\/index.php\/wp-json\/wp\/v2\/pages\/231"}],"collection":[{"href":"https:\/\/ac-aventuras.com\/index.php\/wp-json\/wp\/v2\/pages"}],"about":[{"href":"https:\/\/ac-aventuras.com\/index.php\/wp-json\/wp\/v2\/types\/page"}],"author":[{"embeddable":true,"href":"https:\/\/ac-aventuras.com\/index.php\/wp-json\/wp\/v2\/users\/1"}],"replies":[{"embeddable":true,"href":"https:\/\/ac-aventuras.com\/index.php\/wp-json\/wp\/v2\/comments?post=231"}],"version-history":[{"count":44,"href":"https:\/\/ac-aventuras.com\/index.php\/wp-json\/wp\/v2\/pages\/231\/revisions"}],"predecessor-version":[{"id":2352,"href":"https:\/\/ac-aventuras.com\/index.php\/wp-json\/wp\/v2\/pages\/231\/revisions\/2352"}],"wp:attachment":[{"href":"https:\/\/ac-aventuras.com\/index.php\/wp-json\/wp\/v2\/media?parent=231"}],"curies":[{"name":"wp","href":"https:\/\/api.w.org\/{rel}","templated":true}]}}