{"id":2369,"date":"2023-10-20T17:02:05","date_gmt":"2023-10-20T15:02:05","guid":{"rendered":"https:\/\/ac-aventuras.com\/?page_id=2369"},"modified":"2024-02-28T17:52:13","modified_gmt":"2024-02-28T15:52:13","slug":"viajes-en-grupo-2","status":"publish","type":"page","link":"https:\/\/ac-aventuras.com\/index.php\/viajes-en-grupo-2\/","title":{"rendered":"Viajes en grupo. Nueva Zelanda"},"content":{"rendered":"\t\t<div data-elementor-type=\"wp-page\" data-elementor-id=\"2369\" class=\"elementor elementor-2369\" data-elementor-settings=\"[]\">\n\t\t\t\t\t\t<div class=\"elementor-inner\">\n\t\t\t\t\t\t\t<div class=\"elementor-section-wrap\">\n\t\t\t\t\t\t\t<section class=\"elementor-section elementor-top-section elementor-element elementor-element-437327a elementor-section-boxed elementor-section-height-default elementor-section-height-default\" data-id=\"437327a\" data-element_type=\"section\">\n\t\t\t\t\t\t<div class=\"elementor-container elementor-column-gap-default\">\n\t\t\t\t\t\t\t<div class=\"elementor-row\">\n\t\t\t\t\t<div class=\"elementor-column elementor-col-100 elementor-top-column elementor-element elementor-element-fde0178\" data-id=\"fde0178\" data-element_type=\"column\">\n\t\t\t<div class=\"elementor-column-wrap elementor-element-populated\">\n\t\t\t\t\t\t\t<div class=\"elementor-widget-wrap\">\n\t\t\t\t\t\t<div class=\"elementor-element elementor-element-901cc05 elementor-widget elementor-widget-image\" data-id=\"901cc05\" data-element_type=\"widget\" data-widget_type=\"image.default\">\n\t\t\t\t<div class=\"elementor-widget-container\">\n\t\t\t\t\t\t\t\t<div class=\"elementor-image\">\n\t\t\t\t\t\t\t\t\t\t\t\t<img decoding=\"async\" loading=\"lazy\" width=\"200\" height=\"200\" src=\"https:\/\/ac-aventuras.com\/wp-content\/uploads\/2020\/04\/8a129935-1368-426e-a220-d983a4c6a5ff_200x200.png\" class=\"attachment-medium_large size-medium_large\" alt=\"\" srcset=\"https:\/\/ac-aventuras.com\/wp-content\/uploads\/2020\/04\/8a129935-1368-426e-a220-d983a4c6a5ff_200x200.png 200w, https:\/\/ac-aventuras.com\/wp-content\/uploads\/2020\/04\/8a129935-1368-426e-a220-d983a4c6a5ff_200x200-150x150.png 150w\" sizes=\"(max-width: 200px) 100vw, 200px\" \/>\t\t\t\t\t\t\t\t\t\t\t\t\t\t<\/div>\n\t\t\t\t\t\t<\/div>\n\t\t\t\t<\/div>\n\t\t\t\t\t\t<\/div>\n\t\t\t\t\t<\/div>\n\t\t<\/div>\n\t\t\t\t\t\t\t\t<\/div>\n\t\t\t\t\t<\/div>\n\t\t<\/section>\n\t\t\t\t<section class=\"elementor-section elementor-top-section elementor-element elementor-element-5f29de3 elementor-section-boxed elementor-section-height-default elementor-section-height-default\" data-id=\"5f29de3\" data-element_type=\"section\">\n\t\t\t\t\t\t<div class=\"elementor-container elementor-column-gap-default\">\n\t\t\t\t\t\t\t<div class=\"elementor-row\">\n\t\t\t\t\t<div class=\"elementor-column elementor-col-100 elementor-top-column elementor-element elementor-element-44917ff\" data-id=\"44917ff\" data-element_type=\"column\">\n\t\t\t<div class=\"elementor-column-wrap elementor-element-populated\">\n\t\t\t\t\t\t\t<div class=\"elementor-widget-wrap\">\n\t\t\t\t\t\t<div class=\"elementor-element elementor-element-604460f elementor-widget elementor-widget-heading\" data-id=\"604460f\" data-element_type=\"widget\" data-widget_type=\"heading.default\">\n\t\t\t\t<div class=\"elementor-widget-container\">\n\t\t\t<h2 class=\"elementor-heading-title elementor-size-default\">UNETE A NUESTRAS AVENTURAS <\/h2>\t\t<\/div>\n\t\t\t\t<\/div>\n\t\t\t\t\t\t<\/div>\n\t\t\t\t\t<\/div>\n\t\t<\/div>\n\t\t\t\t\t\t\t\t<\/div>\n\t\t\t\t\t<\/div>\n\t\t<\/section>\n\t\t\t\t<section class=\"elementor-section elementor-top-section elementor-element elementor-element-f10855a elementor-section-boxed elementor-section-height-default elementor-section-height-default\" data-id=\"f10855a\" data-element_type=\"section\">\n\t\t\t\t\t\t<div class=\"elementor-container elementor-column-gap-default\">\n\t\t\t\t\t\t\t<div class=\"elementor-row\">\n\t\t\t\t\t<div class=\"elementor-column elementor-col-100 elementor-top-column elementor-element elementor-element-faff92d\" data-id=\"faff92d\" data-element_type=\"column\">\n\t\t\t<div class=\"elementor-column-wrap elementor-element-populated\">\n\t\t\t\t\t\t\t<div class=\"elementor-widget-wrap\">\n\t\t\t\t\t\t<div class=\"elementor-element elementor-element-a9bae94 elementor-widget elementor-widget-heading\" data-id=\"a9bae94\" data-element_type=\"widget\" data-widget_type=\"heading.default\">\n\t\t\t\t<div class=\"elementor-widget-container\">\n\t\t\t<h2 class=\"elementor-heading-title elementor-size-default\">2024<\/h2>\t\t<\/div>\n\t\t\t\t<\/div>\n\t\t\t\t\t\t<\/div>\n\t\t\t\t\t<\/div>\n\t\t<\/div>\n\t\t\t\t\t\t\t\t<\/div>\n\t\t\t\t\t<\/div>\n\t\t<\/section>\n\t\t\t\t<section class=\"elementor-section elementor-top-section elementor-element elementor-element-dbf6cd1 elementor-section-boxed elementor-section-height-default elementor-section-height-default\" data-id=\"dbf6cd1\" data-element_type=\"section\">\n\t\t\t\t\t\t<div class=\"elementor-container elementor-column-gap-default\">\n\t\t\t\t\t\t\t<div class=\"elementor-row\">\n\t\t\t\t\t<div class=\"elementor-column elementor-col-100 elementor-top-column elementor-element elementor-element-dbb0215\" data-id=\"dbb0215\" data-element_type=\"column\">\n\t\t\t<div class=\"elementor-column-wrap elementor-element-populated\">\n\t\t\t\t\t\t\t<div class=\"elementor-widget-wrap\">\n\t\t\t\t\t\t<section class=\"elementor-section elementor-inner-section elementor-element elementor-element-adfd80c elementor-section-boxed elementor-section-height-default elementor-section-height-default\" data-id=\"adfd80c\" data-element_type=\"section\">\n\t\t\t\t\t\t<div class=\"elementor-container elementor-column-gap-default\">\n\t\t\t\t\t\t\t<div class=\"elementor-row\">\n\t\t\t\t\t<div class=\"elementor-column elementor-col-50 elementor-inner-column elementor-element elementor-element-fbdf19d\" data-id=\"fbdf19d\" data-element_type=\"column\">\n\t\t\t<div class=\"elementor-column-wrap elementor-element-populated\">\n\t\t\t\t\t\t\t<div class=\"elementor-widget-wrap\">\n\t\t\t\t\t\t<div class=\"elementor-element elementor-element-5002dea elementor-flip-box--effect-flip elementor-flip-box--direction-up elementor-widget elementor-widget-flip-box\" data-id=\"5002dea\" data-element_type=\"widget\" data-widget_type=\"flip-box.default\">\n\t\t\t\t<div class=\"elementor-widget-container\">\n\t\t\t\t\t<div class=\"elementor-flip-box\">\n\t\t\t<div class=\"elementor-flip-box__layer elementor-flip-box__front\">\n\t\t\t\t<div class=\"elementor-flip-box__layer__overlay\">\n\t\t\t\t\t<div class=\"elementor-flip-box__layer__inner\">\n\t\t\t\t\t\t\n\t\t\t\t\t\t\t\t\t\t\t\t\t<h3 class=\"elementor-flip-box__layer__title\">\n\t\t\t\t\t\t\t\tNueva Zelanda\t\t\t\t\t\t\t<\/h3>\n\t\t\t\t\t\t\n\t\t\t\t\t\t\t\t\t\t\t\t\t<div class=\"elementor-flip-box__layer__description\">\n\t\t\t\t\t\t\t\tKIA KOTAHI T\u0100TOU - KAIKOURA - MATA MATA\t\t\t\t\t\t\t<\/div>\n\t\t\t\t\t\t\t\t\t\t\t<\/div>\n\t\t\t\t<\/div>\n\t\t\t<\/div>\n\t\t\t<div class=\"elementor-flip-box__layer elementor-flip-box__back\">\n\t\t\t<div class=\"elementor-flip-box__layer__overlay\">\n\t\t\t\t<div class=\"elementor-flip-box__layer__inner\">\n\t\t\t\t\t\t\t\t\t\t\t<h3 class=\"elementor-flip-box__layer__title\">\n\t\t\t\t\t\t\tDeja de imaginar\t\t\t\t\t\t<\/h3>\n\t\t\t\t\t\n\t\t\t\t\t\t\t\t\t\t\t<div class=\"elementor-flip-box__layer__description\">\n\t\t\t\t\t\t\tElsa y Rebeca junto con Soy N\u00f3mada os ofrecen este viaje en el que sentir\u00e1s una ola de energ\u00eda que te inundar\u00e1 de manera incontrolable\t\t\t\t\t\t<\/div>\n\t\t\t\t\t\n\t\t\t\t\t\t\t\t\t\t\t<a class=\"elementor-flip-box__button elementor-button elementor-size-sm\" href=\"https:\/\/soynomada.es\/viaje-a-nueva-zelanda-en-equipo\/\">\n\t\t\t\t\t\tDesc\u00fabrelo\t\t\t\t\t\t<\/a>\n\t\t\t\t\t\t\t\t<\/div>\n\t\t<\/div>\n\t\t<\/div>\n\t\t<\/div>\n\t\t\t\t<\/div>\n\t\t\t\t<\/div>\n\t\t\t\t\t\t<\/div>\n\t\t\t\t\t<\/div>\n\t\t<\/div>\n\t\t\t\t<div class=\"elementor-column elementor-col-50 elementor-inner-column elementor-element elementor-element-f578b74\" data-id=\"f578b74\" data-element_type=\"column\">\n\t\t\t<div class=\"elementor-column-wrap elementor-element-populated\">\n\t\t\t\t\t\t\t<div class=\"elementor-widget-wrap\">\n\t\t\t\t\t\t<div class=\"elementor-element elementor-element-a67992c elementor-widget elementor-widget-text-editor\" data-id=\"a67992c\" data-element_type=\"widget\" data-widget_type=\"text-editor.default\">\n\t\t\t\t<div class=\"elementor-widget-container\">\n\t\t\t\t\t\t\t\t<div class=\"elementor-text-editor elementor-clearfix\">\n\t\t\t\t<p>\u00a0<\/p><p>Nuestros compa\u00f1eross de soy n\u00f3mada os ofrecen un viaje en autocravana para recorrer los lugares m\u00e1s especiales de una forma libre y espontanea.<\/p><p>Conocer la cultura maor\u00ed, glaciares espectaculares, volcanes y playas solitarias que te haran sentir que estas en los parajes imaginados por Tolkien.<\/p>\t\t\t\t\t<\/div>\n\t\t\t\t\t\t<\/div>\n\t\t\t\t<\/div>\n\t\t\t\t\t\t<\/div>\n\t\t\t\t\t<\/div>\n\t\t<\/div>\n\t\t\t\t\t\t\t\t<\/div>\n\t\t\t\t\t<\/div>\n\t\t<\/section>\n\t\t\t\t\t\t<\/div>\n\t\t\t\t\t<\/div>\n\t\t<\/div>\n\t\t\t\t\t\t\t\t<\/div>\n\t\t\t\t\t<\/div>\n\t\t<\/section>\n\t\t\t\t\t\t<\/div>\n\t\t\t\t\t\t<\/div>\n\t\t\t\t\t<\/div>\n\t\t","protected":false},"excerpt":{"rendered":"<p>UNETE A NUESTRAS AVENTURAS 2024 Nueva Zelanda KIA KOTAHI T\u0100TOU &#8211; KAIKOURA &#8211; MATA MATA Deja de imaginar Elsa y Rebeca junto con Soy N\u00f3mada os ofrecen este viaje en el que sentir\u00e1s una ola de energ\u00eda que te inundar\u00e1 de manera incontrolable Desc\u00fabrelo \u00a0 Nuestros compa\u00f1eross de soy n\u00f3mada os ofrecen un viaje en &#8230; <a title=\"Viajes en grupo. Nueva Zelanda\" class=\"read-more\" href=\"https:\/\/ac-aventuras.com\/index.php\/viajes-en-grupo-2\/\">Leer m\u00e1s <span class=\"screen-reader-text\">Viajes en grupo. Nueva Zelanda<\/span><\/a><\/p>\n","protected":false},"author":1,"featured_media":0,"parent":0,"menu_order":0,"comment_status":"closed","ping_status":"closed","template":"elementor_canvas","meta":{"_mi_skip_tracking":false,"_monsterinsights_sitenote_active":false,"_monsterinsights_sitenote_note":"","_monsterinsights_sitenote_category":0,"footnotes":""},"yoast_head":"<!-- This site is optimized with the Yoast SEO plugin v15.3 - https:\/\/yoast.com\/wordpress\/plugins\/seo\/ -->\n<title>Viajes en grupo. Nueva Zelanda - Aventuras en Autocaravana<\/title>\n<meta name=\"robots\" content=\"index, follow, max-snippet:-1, max-image-preview:large, max-video-preview:-1\" \/>\n<link rel=\"canonical\" href=\"https:\/\/ac-aventuras.com\/index.php\/viajes-en-grupo-2\/\" \/>\n<meta property=\"og:locale\" content=\"es_ES\" \/>\n<meta property=\"og:type\" content=\"article\" \/>\n<meta property=\"og:title\" content=\"Viajes en grupo. Nueva Zelanda - Aventuras en Autocaravana\" \/>\n<meta property=\"og:description\" content=\"UNETE A NUESTRAS AVENTURAS 2024 Nueva Zelanda KIA KOTAHI T\u0100TOU &#8211; KAIKOURA &#8211; MATA MATA Deja de imaginar Elsa y Rebeca junto con Soy N\u00f3mada os ofrecen este viaje en el que sentir\u00e1s una ola de energ\u00eda que te inundar\u00e1 de manera incontrolable Desc\u00fabrelo \u00a0 Nuestros compa\u00f1eross de soy n\u00f3mada os ofrecen un viaje en ... Leer m\u00e1s Viajes en grupo. Nueva Zelanda\" \/>\n<meta property=\"og:url\" content=\"https:\/\/ac-aventuras.com\/index.php\/viajes-en-grupo-2\/\" \/>\n<meta property=\"og:site_name\" content=\"Aventuras en Autocaravana\" \/>\n<meta property=\"article:modified_time\" content=\"2024-02-28T15:52:13+00:00\" \/>\n<meta property=\"og:image\" content=\"https:\/\/ac-aventuras.com\/wp-content\/uploads\/2020\/04\/8a129935-1368-426e-a220-d983a4c6a5ff_200x200.png\" \/>\n<meta name=\"twitter:card\" content=\"summary_large_image\" \/>\n<meta name=\"twitter:label1\" content=\"Escrito por\">\n\t<meta name=\"twitter:data1\" content=\"T.J. Berry\">\n\t<meta name=\"twitter:label2\" content=\"Tiempo de lectura\">\n\t<meta name=\"twitter:data2\" content=\"0 minutos\">\n<script type=\"application\/ld+json\" class=\"yoast-schema-graph\">{\"@context\":\"https:\/\/schema.org\",\"@graph\":[{\"@type\":\"WebSite\",\"@id\":\"https:\/\/ac-aventuras.com\/#website\",\"url\":\"https:\/\/ac-aventuras.com\/\",\"name\":\"Aventuras en Autocaravana\",\"description\":\"Vive tu aventura en autocaravana\",\"potentialAction\":[{\"@type\":\"SearchAction\",\"target\":\"https:\/\/ac-aventuras.com\/?s={search_term_string}\",\"query-input\":\"required name=search_term_string\"}],\"inLanguage\":\"es\"},{\"@type\":\"ImageObject\",\"@id\":\"https:\/\/ac-aventuras.com\/index.php\/viajes-en-grupo-2\/#primaryimage\",\"inLanguage\":\"es\",\"url\":\"https:\/\/ac-aventuras.com\/wp-content\/uploads\/2020\/04\/8a129935-1368-426e-a220-d983a4c6a5ff_200x200.png\",\"width\":200,\"height\":200},{\"@type\":\"WebPage\",\"@id\":\"https:\/\/ac-aventuras.com\/index.php\/viajes-en-grupo-2\/#webpage\",\"url\":\"https:\/\/ac-aventuras.com\/index.php\/viajes-en-grupo-2\/\",\"name\":\"Viajes en grupo. Nueva Zelanda - Aventuras en Autocaravana\",\"isPartOf\":{\"@id\":\"https:\/\/ac-aventuras.com\/#website\"},\"primaryImageOfPage\":{\"@id\":\"https:\/\/ac-aventuras.com\/index.php\/viajes-en-grupo-2\/#primaryimage\"},\"datePublished\":\"2023-10-20T15:02:05+00:00\",\"dateModified\":\"2024-02-28T15:52:13+00:00\",\"inLanguage\":\"es\",\"potentialAction\":[{\"@type\":\"ReadAction\",\"target\":[\"https:\/\/ac-aventuras.com\/index.php\/viajes-en-grupo-2\/\"]}]}]}<\/script>\n<!-- \/ Yoast SEO plugin. -->","_links":{"self":[{"href":"https:\/\/ac-aventuras.com\/index.php\/wp-json\/wp\/v2\/pages\/2369"}],"collection":[{"href":"https:\/\/ac-aventuras.com\/index.php\/wp-json\/wp\/v2\/pages"}],"about":[{"href":"https:\/\/ac-aventuras.com\/index.php\/wp-json\/wp\/v2\/types\/page"}],"author":[{"embeddable":true,"href":"https:\/\/ac-aventuras.com\/index.php\/wp-json\/wp\/v2\/users\/1"}],"replies":[{"embeddable":true,"href":"https:\/\/ac-aventuras.com\/index.php\/wp-json\/wp\/v2\/comments?post=2369"}],"version-history":[{"count":19,"href":"https:\/\/ac-aventuras.com\/index.php\/wp-json\/wp\/v2\/pages\/2369\/revisions"}],"predecessor-version":[{"id":2412,"href":"https:\/\/ac-aventuras.com\/index.php\/wp-json\/wp\/v2\/pages\/2369\/revisions\/2412"}],"wp:attachment":[{"href":"https:\/\/ac-aventuras.com\/index.php\/wp-json\/wp\/v2\/media?parent=2369"}],"curies":[{"name":"wp","href":"https:\/\/api.w.org\/{rel}","templated":true}]}}