{"id":430,"date":"2020-03-30T18:58:10","date_gmt":"2020-03-30T16:58:10","guid":{"rendered":"https:\/\/ac-aventuras.com\/?page_id=430"},"modified":"2020-04-08T21:29:20","modified_gmt":"2020-04-08T19:29:20","slug":"condiciones-de-contratacion","status":"publish","type":"page","link":"https:\/\/ac-aventuras.com\/index.php\/condiciones-de-contratacion\/","title":{"rendered":"Condiciones de Contrataci\u00f3n"},"content":{"rendered":"\n<p><strong>Condiciones generales de contrataci\u00f3n<\/strong><\/p>\n\n\n\n<p><strong>\u00faltima actualizaci\u00f3n: 25\/03\/2020<\/strong><\/p>\n\n\n\n<p><strong>1 \u2013&nbsp;Datos identificativos del responsable de la web<\/strong><\/p>\n\n\n\n<p>Tal y como recoge la Ley 34\/2002, de 11 de julio, de servicios de la sociedad de la informaci\u00f3n y de comercio electr\u00f3nico, le informo que:<\/p>\n\n\n\n<ul><li>Nuestra denominaci\u00f3n social es: Antonio Ramos Berry (AC-AVENTURAS).<\/li><li>Nuestro NIF 02615297J.<\/li><li>Nuestro domicilio social se encuentra en Calle Rio Henares 9, 19141 Yebes, Guadalajara<\/li><li>Email: legal@AC-AVENTURAS.com<\/li><li>Nuestra actividad social es: Blogging y asesor\u00edas de viaje.<\/li><\/ul>\n\n\n\n<p><strong>2 \u2013&nbsp;Objeto de las condiciones<\/strong><\/p>\n\n\n\n<p>Las presentes condiciones generales tienen por objeto regular expresamente las condiciones aplicables a los procesos de contrataci\u00f3n llevados a cabo por los usuarios \u201cCliente\u201d de los servicios ofrecidos por parte de AC-AVENTURAS  a trav\u00e9s de su sitio web https:\/\/AC-AVENTURAS.com.<\/p>\n\n\n\n<p>Estas condiciones permanecer\u00e1n en vigor y ser\u00e1n validas durante todo el tiempo que est\u00e9n accesible a trav\u00e9s del sitio web, todo ello sin perjuicio de que AC-AVENTURAS  se reserva el derecho a modificar, sin previo aviso, las condiciones generales as\u00ed como cualquiera de los textos legales que se encuentren en dicho sitio web. En todo caso, el acceso a la Web tras su modificaci\u00f3n, inclusi\u00f3n y\/o sustituci\u00f3n, implica la aceptaci\u00f3n de los mismos por parte del usuario.<\/p>\n\n\n\n<p>El cliente se encuentra sujeto a las condiciones generales vigentes en cada uno de los momentos de realizar la contrataci\u00f3n correspondiente, no siendo posible la contrataci\u00f3n de servicio alguno sin la previa aceptaci\u00f3n de las presentes condiciones generales de contrataci\u00f3n.<\/p>\n\n\n\n<p><strong>3 \u2013&nbsp;Intervinientes<\/strong><\/p>\n\n\n\n<p>El proceso de contrataci\u00f3n electr\u00f3nica a trav\u00e9s del sitio web https:\/\/AC-AVENTURAS.com ser\u00e1 realizado entre el \u201cCliente\u201d y \u00abAntonio Ramos Berry<\/p>\n\n\n\n<p>Tendr\u00e1n la consideraci\u00f3n de \u201cCliente\u201d del sitio web aquellos consumidores que sean personas f\u00edsicas, que se registren mediante el formulario establecido rellenando sus datos de nombre, apellidos, direcci\u00f3n, ciudad, pa\u00eds, estado, c\u00f3digo postal, email y contrase\u00f1a, y hayan realizado el pago correspondiente para tener acceso al cualquiera de los servicios\/productos en venta.<\/p>\n\n\n\n<p><strong>4 \u2013&nbsp;Derecho de exclusi\u00f3n<\/strong><\/p>\n\n\n\n<p>AC-AVENTURAS se reserva el derecho a denegar o retirar el acceso al portal y\/o los servicios ofrecidos sin necesidad de pre-aviso, a instancia propia o de un tercero, a aquellos usuarios que incumplan las presentes Condiciones Generales.<\/p>\n\n\n\n<p><strong>5 \u2013&nbsp;Proceso de contrataci\u00f3n electr\u00f3nica<\/strong><\/p>\n\n\n\n<p>El proceso de contrataci\u00f3n electr\u00f3nica se dividir\u00e1 en 3 fases.<\/p>\n\n\n\n<p>Primera Fase. El usuario tras visualizar una p\u00e1gina de venta, proceder\u00e1 al acceso del pago mediante los botones incluidos al efecto.<\/p>\n\n\n\n<p>Segunda Fase. Una vez optado por la modalidad elegida, el usuario proceder\u00e1 a rellenar los datos solicitados, Nombre, Apellidos, Correo Electr\u00f3nico, pudiendo solicitar en ocasiones el Domicilio.<\/p>\n\n\n\n<p>Tercera Fase. Tras rellenar los datos, se proceder\u00e1 a realizar el pago de la forma elegida, pudiendo ser tras introducir el n\u00famero de tarjeta bancaria para proceder a su pago a trav\u00e9s de la pasarela de pago que podr\u00e1 ser, Thrive Cart, Sendowl, Memberpress o Paypal. Una vez realizado este paso, les llegar\u00e1 al usuario dos correos electr\u00f3nicos, primero recibo como justificante de pago y un segundo correo con la factura.<\/p>\n\n\n\n<p><strong>6 \u2013&nbsp;Condiciones econ\u00f3micas y forma de pago<\/strong><\/p>\n\n\n\n<p><strong>6.1- \u00bfQu\u00e9 productos tenemos en AC-AVENTURAS?<\/strong><\/p>\n\n\n\n<ul><li>Gu\u00edas de viaje gratuitas.<\/li><li>Gu\u00edas de viaje PRO.<\/li><li>Servicios de asesor\u00eda personalizada.<\/li><li>Servicios de asesor\u00eda para viajes en grupo<\/li><li>E-books.<\/li><\/ul>\n\n\n\n<p>Los precios de acceso a todos los servicios\/infoproductos, incluyen IVA, y est\u00e1n disponibles a trav\u00e9s de los correspondientes enlaces alojados en la p\u00e1gina web.<\/p>\n\n\n\n<p>Tal y como recoge la Ley 37\/1992, de 28 de diciembre, reguladora del Impuesto Sobre Valor A\u00f1adido (IVA) y la &nbsp;Directiva Europea 2008\/8\/CE, la operaci\u00f3n puede resultar exenta o no sujeta al mismo en funci\u00f3n del pa\u00eds de residencia del comprador y de la condici\u00f3n en la que act\u00faa el mismo (empresario\/profesional o particular).<\/p>\n\n\n\n<p>El precio de los infoproductos vendidos no incluyen el IVA espa\u00f1ol. Sin embargo, el precio final de tu pedido puede variar dependiendo del tipo impositivo de IVA que se aplique al pedido. Para los pedidos con destino a otros pa\u00edses de la Uni\u00f3n Europea, el IVA espa\u00f1ol ser\u00e1 deducido y se aplicar\u00e1 el tipo impositivo de IVA correspondiente al pa\u00eds de destino. El precio final aparecer\u00e1 durante la confirmaci\u00f3n de tu pedido y reflejar\u00e1 el tipo impositivo de IVA correspondiente al pa\u00eds de destino de los productos.<\/p>\n\n\n\n<p>Los precios de los Servicios pueden cambiar en cualquier momento a discreci\u00f3n \u00fanica y exclusiva de AC-AVENTURAS SL. Los Servicios no brindan protecci\u00f3n de precios o reembolsos en el caso de reducci\u00f3n de precios u ofertas promocionales<\/p>\n\n\n\n<p><strong>6.2- Formas de pago<\/strong><\/p>\n\n\n\n<p>El pago se efectuar\u00e1 a trav\u00e9s de la plataforma ThriveCart o Memberpress, admitiendo cualquiera de los siguientes medios:<\/p>\n\n\n\n<p>Visa\/Mastercard\/American Express;&nbsp;el usuario deber\u00e1 proporcionar el nombre del titular de la tarjeta, el n\u00famero, la fecha de caducidad y el CVV.<\/p>\n\n\n\n<p>Toda la informaci\u00f3n podr\u00e1 ser tramitada a trav\u00e9s de una pasarela de pagos externa a AC-AVENTURAS SL denominada Stripe, pudiendo obtener m\u00e1s informaci\u00f3n visitando su p\u00e1gina web https:\/\/stripe.com\/es<\/p>\n\n\n\n<p>Pago con PayPal; permite a los consumidores que dispongan de correo electr\u00f3nico enviar pagos en Internet de forma segura, c\u00f3moda y rentable. La red de PayPal se basa en la infraestructura financiera existente de cuentas bancarias y tarjetas de cr\u00e9dito para crear una soluci\u00f3n global de pago en tiempo real. Para m\u00e1s informaci\u00f3n puede visitar la web de Paypal http:\/\/www.paypal.com<\/p>\n\n\n\n<p><strong>6.3- Idioma<\/strong><\/p>\n\n\n\n<p>Por ahora, el idioma que ofrecemos en nuestros productos y servicios es en espa\u00f1ol.<\/p>\n\n\n\n<p><strong>7 \u2013&nbsp;Programa de afiliados<\/strong><\/p>\n\n\n\n<p><strong>7.1- \u00bfEn qu\u00e9 consiste el programa de afiliados?<\/strong><\/p>\n\n\n\n<p>AC-AVENTURAS SL pone a disposici\u00f3n de las personas que crea conveniente un programa de afiliados que no tiene otro objeto que la difusi\u00f3n y promoci\u00f3n de los productos y servicios publicados en el Sitio Web a cambio de una comisi\u00f3n por cada venta realizada.<\/p>\n\n\n\n<p><strong>7.2- \u00bfC\u00f3mo se obtiene tal condici\u00f3n?<\/strong><\/p>\n\n\n\n<p>AC-AVENTURAS SL elegir\u00e1 a quien estime oportuno y pertinente para obtener la condici\u00f3n de afiliado y ofrecer\u00e1 un v\u00ednculo para poder identificar el Sitio Web de \u00e9ste y la procedencia del pago en caso de realizarse alguna transacci\u00f3n mediante el uso de un enlace de AFILIADO quedando sujeto a los t\u00e9rminos y condiciones del contrato.<\/p>\n\n\n\n<p><strong>7.3- Comisiones de afiliado y pagos<\/strong><\/p>\n\n\n\n<p>Por cada venta que se realice a consecuencia del programa de afiliaci\u00f3n se abonar\u00e1 una comisi\u00f3n del 15% al 50% del precio de los productos\/servicios con impuestos incluidos, dependiendo del acuerdo previo de colaboraci\u00f3n.<\/p>\n\n\n\n<p>Las comisiones se pagar\u00e1n a principios de cada mes y se devengan cuando han pasado los 30 d\u00edas de plazo que tiene el alumno para hacer efectivo su derecho a la devoluci\u00f3n de la compra.<\/p>\n\n\n\n<p><strong>* Nota importante para los afiliados.<\/strong><\/p>\n\n\n\n<p>Queda terminantemente prohibido hacer uso de la licencia personal por un usuario diferente al que ha sido concedida, en caso contrario, perder\u00e1 desde ese momento la condici\u00f3n de \u201cAfiliado\u201d prohibiendo la entrada al \u00e1rea de acceso restringida reserv\u00e1ndonos cuantas acciones legales nos asistan en aras de depurar responsabilidades ante un posible delito contra la propiedad Intelectual castigado con penas de prisi\u00f3n por nuestro C\u00f3digo Penal de hasta 4 a\u00f1os.<\/p>\n\n\n\n<p><strong>7.4- Venta de servicios de terceros<\/strong><\/p>\n\n\n\n<p>AC-AVENTURAS SL informa de la posibilidad en este Sitio Web o mediante el env\u00edo de comunicaciones comerciales v\u00eda correo electr\u00f3nico de ofrecer productos o servicios de terceros de similares caracter\u00edsticas a los ofrecidos en esta p\u00e1gina web, ostentando por lo tanto, la condici\u00f3n de afiliada de un tercero.<\/p>\n\n\n\n<p><strong>8 \u2013&nbsp;Propiedad intelectual e industrial<\/strong><\/p>\n\n\n\n<p>Antonio Ramos Berry por s\u00ed o como cesionario, es titular de todos los derechos de propiedad intelectual e industrial de su p\u00e1gina web, as\u00ed como de los elementos contenidos en la misma (a t\u00edtulo enunciativo, im\u00e1genes, sonido, audio, v\u00eddeo, software o textos; marcas o logotipos, combinaciones de colores, estructura y dise\u00f1o, selecci\u00f3n de materiales usados, programas de ordenador necesarios para su funcionamiento, acceso y uso, etc.), titularidad de Antonio Ramos Berry o bien de sus licenciantes. Todos los derechos reservados.<\/p>\n\n\n\n<p>Cualquier uso no autorizado previamente por AC-AVENTURAS , ser\u00e1 considerado un incumplimiento grave de los derechos de propiedad intelectual o industrial del autor.<\/p>\n\n\n\n<p>Quedan expresamente prohibidas la reproducci\u00f3n, la distribuci\u00f3n y la comunicaci\u00f3n p\u00fablica, incluida su modalidad de puesta a disposici\u00f3n, de la totalidad o parte de los contenidos de esta p\u00e1gina web, con fines comerciales, en cualquier soporte y por cualquier medio t\u00e9cnico, sin la autorizaci\u00f3n de Antonio Ramos Berry.<\/p>\n\n\n\n<p>El CLIENTE se compromete a respetar los derechos de Propiedad Intelectual e Industrial titularidad de Antonio Ramos Berry. Podr\u00e1 visualizar \u00fanicamente los elementos de la web sin posibilidad de imprimirlos, copiarlos o almacenarlos en el disco duro de su ordenador o en cualquier otro soporte f\u00edsico. El USUARIO deber\u00e1 abstenerse de suprimir, alterar, eludir o manipular cualquier dispositivo de protecci\u00f3n o sistema de seguridad que estuviera instalado en las p\u00e1ginas de AC-AVENTURAS SL.<\/p>\n\n\n\n<p><strong>8.1- Prohibici\u00f3n de las denominadas CONJUNTAS<\/strong><\/p>\n\n\n\n<p>\u00bfQu\u00e9 son las llamadas conjuntas?<\/p>\n\n\n\n<p>Nos encontramos ante una pr\u00e1ctica ilegal realizada por varias personas que se agrupan para adquirir un servicio o producto digital con el fin de ahorrar costes en el precio final. En este caso consistir\u00eda en la realizaci\u00f3n del pago por una sola persona del curso online, pero cuyo acceso facilitar\u00eda al resto de personas que han realizado esta pr\u00e1ctica, accediendo al curso varias personas con la misma contrase\u00f1a y email.<\/p>\n\n\n\n<p>Recordamos que queda terminantemente prohibido compartir la licencia para uso con m\u00e1s personas, cada licencia es personal e intransferible reserv\u00e1ndonos cuantas acciones civiles y penales nos asistan en aras de salvaguardar nuestros derechos, todo ello bajo apercibimiento de incurrir en un delito contra la propiedad intelectual del art. 270 y ss del C\u00f3digo Penal con penas de prisi\u00f3n de hasta 4 a\u00f1os.<\/p>\n\n\n\n<p><strong>9 \u2013&nbsp;Derecho de desistimiento<\/strong><\/p>\n\n\n\n<p>Al \u201cCliente\u201d se le reconoce el derecho de desistimiento de la compra efectuada, si no queda satisfecho. Podr\u00e1 solicitar la devoluci\u00f3n del importe abonado siempre seg\u00fan las condiciones particulares de cada producto\/servicio que AC-AVENTURAS pone a disposici\u00f3n del cliente.<\/p>\n\n\n\n<p>Es importante rese\u00f1ar, que al consumir un producto digital, en el momento de la compra, podr\u00eda perder el derecho de desistimiento, no obstante, ofrecemos un plazo de 14 d\u00edas.<\/p>\n\n\n\n<p>El derecho de desistimiento se podr\u00e1 ejercer mediante correo electr\u00f3nico enviado a legal@ac-aventuras.com solicitando la devoluci\u00f3n del importe abonado que se efectuar\u00e1 dentro de los 14 d\u00edas naturales siguientes desde la fecha en que se haya realizado tal comunicaci\u00f3n.<\/p>\n\n\n\n<p>Se excluye del derecho de desistimiento:<\/p>\n\n\n\n<p>Tras la finalizaci\u00f3n del plazo &nbsp;que cada producto\/servicio en particular especifica en sus condiciones de contrataci\u00f3n particulares o al finalizar el plazo general de 14 d\u00edas.<\/p>\n\n\n\n<p><strong>10 \u2013&nbsp;Exoneraci\u00f3n de responsabilidades<\/strong><\/p>\n\n\n\n<p>Antonio Ramos Berry no puede garantizar la continuidad t\u00e9cnica del Sitio Web, la ausencia de fallo o interrupciones del servicio ni que el Sitio Web estar\u00e1 disponible o accesible el cien por cien del tiempo por causas ajenas o causas fortuitas y\/o de fuerza mayor, virus, ataques inform\u00e1ticos y\/o actuaciones de terceros que ocasionen la imposibilidad total o parcial de la prestaci\u00f3n de los servicios as\u00ed como otras causas imprevisibles como pudieren ser el incorrecto funcionamiento de internet.<\/p>\n\n\n\n<p><strong>11 \u2013&nbsp;Tratamiento de datos personales<\/strong><\/p>\n\n\n\n<p>Toda informaci\u00f3n proporcionada durante el proceso de contrataci\u00f3n ser\u00e1 almacenada por Antonio Ramos Berry en su calidad de responsable del fichero.<\/p>\n\n\n\n<p>Del mismo modo, y salvo que el cliente haya mostrado su oposici\u00f3n expresa, el usuario consiente expresamente el tratamiento de sus datos personales para remitir informaci\u00f3n de inter\u00e9s, novedades y ofertas sobre los productos y servicios a trav\u00e9s de cualquier medio, incluyendo correo electr\u00f3nico.<\/p>\n\n\n\n<p>Para darse de baja de env\u00edos de comunicaciones publicitarias puede hacerlo enviando un email a legal@AC-AVENTURAS.com<\/p>\n\n\n\n<p>Podr\u00e1s dirigir tus comunicaciones y ejercitar los derechos de acceso, rectificaci\u00f3n, cancelaci\u00f3n y oposici\u00f3n a trav\u00e9s de correo postal en &nbsp;C\/ Rio Henares 9, 19141,Yebes, guadalajara o al correo electr\u00f3nico: info@AC-AVENTURAS.com junto con prueba v\u00e1lida en derecho, como fotocopia del D.N.I. o equivalente, indicando en el asunto \u201cPROTECCI\u00d3N DE DATOS\u201d.<\/p>\n\n\n\n<p><strong>12 \u2013&nbsp;Causas de disoluci\u00f3n de contrato<\/strong><\/p>\n\n\n\n<p>La disoluci\u00f3n del contrato de servicios puede ocurrir en cualquier momento por cualquiera de las dos partes.<\/p>\n\n\n\n<p>No est\u00e1s obligado a condiciones de permanencia con AC-AVENTURAS si no est\u00e1s satisfecho con nuestro servicio.<\/p>\n\n\n\n<p>AC-AVENTURAS puede terminar o suspender cualquier y todos los Servicios contratados con AC-AVENTURAS inmediatamente, sin previo aviso o responsabilidad, en caso de que t\u00fa no cumplas con las condiciones aqu\u00ed expuestas.<\/p>\n\n\n\n<p>A la disoluci\u00f3n del contrato, tu derecho a utilizar los Servicios cesar\u00e1 inmediatamente. Ser\u00e1n causas de disoluci\u00f3n de contrato:<\/p>\n\n\n\n<ul><li>La falsedad, en todo o en parte, de los datos suministrados en el proceso de contrataci\u00f3n de cualquier servicio.<\/li><li>Alterar, eludir, realizar ingenier\u00eda inversa, descompilar, desmontar o alterar de ning\u00fan modo de la tecnolog\u00eda de seguridad aportada por AC-AVENTURAS.<\/li><li>Tambi\u00e9n los casos de abuso de los servicios de soporte por el requerimiento de m\u00e1s horas de las establecidas en el contrato.<\/li><li>Cualquier incumplimiento establecido a lo largo de las condiciones.<\/li><\/ul>\n\n\n\n<p>La disoluci\u00f3n implica la p\u00e9rdida de sus derechos sobre el servicio contratado.<\/p>\n\n\n\n<p><strong>13 \u2013&nbsp;Legislaci\u00f3n aplicable y jurisdicci\u00f3n<\/strong><\/p>\n\n\n\n<p>La relaci\u00f3n entre Antonio Ramos Berry y el CLIENTE se regir\u00e1 por la normativa espa\u00f1ola vigente y cualquier controversia se someter\u00e1 a los Juzgados y tribunales de la ciudad de Guaalajara, salvo que la Ley aplicable disponga otra cosa.<\/p>\n\n\n\n<p>Condiciones Generales de Contrataci\u00f3n a 25 de marzo 2020.<\/p>\n","protected":false},"excerpt":{"rendered":"<p>Condiciones generales de contrataci\u00f3n \u00faltima actualizaci\u00f3n: 25\/03\/2020 1 \u2013&nbsp;Datos identificativos del responsable de la web Tal y como recoge la Ley 34\/2002, de 11 de julio, de servicios de la sociedad de la informaci\u00f3n y de comercio electr\u00f3nico, le informo que: Nuestra denominaci\u00f3n social es: Antonio Ramos Berry (AC-AVENTURAS). Nuestro NIF 02615297J. Nuestro domicilio social &#8230; <a title=\"Condiciones de Contrataci\u00f3n\" class=\"read-more\" href=\"https:\/\/ac-aventuras.com\/index.php\/condiciones-de-contratacion\/\">Leer m\u00e1s <span class=\"screen-reader-text\">Condiciones de Contrataci\u00f3n<\/span><\/a><\/p>\n","protected":false},"author":1,"featured_media":0,"parent":0,"menu_order":0,"comment_status":"closed","ping_status":"closed","template":"","meta":{"_mi_skip_tracking":false,"_monsterinsights_sitenote_active":false,"_monsterinsights_sitenote_note":"","_monsterinsights_sitenote_category":0,"footnotes":""},"yoast_head":"<!-- This site is optimized with the Yoast SEO plugin v15.3 - https:\/\/yoast.com\/wordpress\/plugins\/seo\/ -->\n<title>Condiciones de Contrataci\u00f3n - Aventuras en Autocaravana<\/title>\n<meta name=\"robots\" content=\"index, follow, max-snippet:-1, max-image-preview:large, max-video-preview:-1\" \/>\n<link rel=\"canonical\" href=\"https:\/\/ac-aventuras.com\/index.php\/condiciones-de-contratacion\/\" \/>\n<meta property=\"og:locale\" content=\"es_ES\" \/>\n<meta property=\"og:type\" content=\"article\" \/>\n<meta property=\"og:title\" content=\"Condiciones de Contrataci\u00f3n - Aventuras en Autocaravana\" \/>\n<meta property=\"og:description\" content=\"Condiciones generales de contrataci\u00f3n \u00faltima actualizaci\u00f3n: 25\/03\/2020 1 \u2013&nbsp;Datos identificativos del responsable de la web Tal y como recoge la Ley 34\/2002, de 11 de julio, de servicios de la sociedad de la informaci\u00f3n y de comercio electr\u00f3nico, le informo que: Nuestra denominaci\u00f3n social es: Antonio Ramos Berry (AC-AVENTURAS). Nuestro NIF 02615297J. Nuestro domicilio social ... Leer m\u00e1s Condiciones de Contrataci\u00f3n\" \/>\n<meta property=\"og:url\" content=\"https:\/\/ac-aventuras.com\/index.php\/condiciones-de-contratacion\/\" \/>\n<meta property=\"og:site_name\" content=\"Aventuras en Autocaravana\" \/>\n<meta property=\"article:modified_time\" content=\"2020-04-08T19:29:20+00:00\" \/>\n<meta name=\"twitter:card\" content=\"summary_large_image\" \/>\n<meta name=\"twitter:label1\" content=\"Escrito por\">\n\t<meta name=\"twitter:data1\" content=\"T.J. Berry\">\n\t<meta name=\"twitter:label2\" content=\"Tiempo de lectura\">\n\t<meta name=\"twitter:data2\" content=\"9 minutos\">\n<script type=\"application\/ld+json\" class=\"yoast-schema-graph\">{\"@context\":\"https:\/\/schema.org\",\"@graph\":[{\"@type\":\"WebSite\",\"@id\":\"https:\/\/ac-aventuras.com\/#website\",\"url\":\"https:\/\/ac-aventuras.com\/\",\"name\":\"Aventuras en Autocaravana\",\"description\":\"Vive tu aventura en autocaravana\",\"potentialAction\":[{\"@type\":\"SearchAction\",\"target\":\"https:\/\/ac-aventuras.com\/?s={search_term_string}\",\"query-input\":\"required name=search_term_string\"}],\"inLanguage\":\"es\"},{\"@type\":\"WebPage\",\"@id\":\"https:\/\/ac-aventuras.com\/index.php\/condiciones-de-contratacion\/#webpage\",\"url\":\"https:\/\/ac-aventuras.com\/index.php\/condiciones-de-contratacion\/\",\"name\":\"Condiciones de Contrataci\\u00f3n - Aventuras en Autocaravana\",\"isPartOf\":{\"@id\":\"https:\/\/ac-aventuras.com\/#website\"},\"datePublished\":\"2020-03-30T16:58:10+00:00\",\"dateModified\":\"2020-04-08T19:29:20+00:00\",\"inLanguage\":\"es\",\"potentialAction\":[{\"@type\":\"ReadAction\",\"target\":[\"https:\/\/ac-aventuras.com\/index.php\/condiciones-de-contratacion\/\"]}]}]}<\/script>\n<!-- \/ Yoast SEO plugin. -->","_links":{"self":[{"href":"https:\/\/ac-aventuras.com\/index.php\/wp-json\/wp\/v2\/pages\/430"}],"collection":[{"href":"https:\/\/ac-aventuras.com\/index.php\/wp-json\/wp\/v2\/pages"}],"about":[{"href":"https:\/\/ac-aventuras.com\/index.php\/wp-json\/wp\/v2\/types\/page"}],"author":[{"embeddable":true,"href":"https:\/\/ac-aventuras.com\/index.php\/wp-json\/wp\/v2\/users\/1"}],"replies":[{"embeddable":true,"href":"https:\/\/ac-aventuras.com\/index.php\/wp-json\/wp\/v2\/comments?post=430"}],"version-history":[{"count":2,"href":"https:\/\/ac-aventuras.com\/index.php\/wp-json\/wp\/v2\/pages\/430\/revisions"}],"predecessor-version":[{"id":698,"href":"https:\/\/ac-aventuras.com\/index.php\/wp-json\/wp\/v2\/pages\/430\/revisions\/698"}],"wp:attachment":[{"href":"https:\/\/ac-aventuras.com\/index.php\/wp-json\/wp\/v2\/media?parent=430"}],"curies":[{"name":"wp","href":"https:\/\/api.w.org\/{rel}","templated":true}]}}