{"id":433,"date":"2020-03-30T18:59:12","date_gmt":"2020-03-30T16:59:12","guid":{"rendered":"https:\/\/ac-aventuras.com\/?page_id=433"},"modified":"2020-04-23T11:25:33","modified_gmt":"2020-04-23T09:25:33","slug":"blog","status":"publish","type":"page","link":"https:\/\/ac-aventuras.com\/index.php\/blog\/","title":{"rendered":"BLOG"},"content":{"rendered":"\t\t<div data-elementor-type=\"wp-page\" data-elementor-id=\"433\" class=\"elementor elementor-433\" data-elementor-settings=\"[]\">\n\t\t\t\t\t\t<div class=\"elementor-inner\">\n\t\t\t\t\t\t\t<div class=\"elementor-section-wrap\">\n\t\t\t\t\t\t\t<section class=\"elementor-section elementor-top-section elementor-element elementor-element-578f53d elementor-section-boxed elementor-section-height-default elementor-section-height-default\" data-id=\"578f53d\" data-element_type=\"section\">\n\t\t\t\t\t\t<div class=\"elementor-container elementor-column-gap-default\">\n\t\t\t\t\t\t\t<div class=\"elementor-row\">\n\t\t\t\t\t<div class=\"elementor-column elementor-col-100 elementor-top-column elementor-element elementor-element-f47f100\" data-id=\"f47f100\" data-element_type=\"column\">\n\t\t\t<div class=\"elementor-column-wrap elementor-element-populated\">\n\t\t\t\t\t\t\t<div class=\"elementor-widget-wrap\">\n\t\t\t\t\t\t<div class=\"elementor-element elementor-element-6cea41a elementor-widget elementor-widget-heading\" data-id=\"6cea41a\" data-element_type=\"widget\" data-widget_type=\"heading.default\">\n\t\t\t\t<div class=\"elementor-widget-container\">\n\t\t\t<div id=\"toc_container\" class=\"no_bullets\"><p class=\"toc_title\">Indice de contenidos<\/p><ul class=\"toc_list\"><li><ul><li><\/li><li><\/li><li><\/li><li><\/li><li><\/li><li><\/li><\/ul><\/li><li><\/li><\/ul><\/div>\n<h2 class=\"elementor-heading-title elementor-size-default\"><span id=\"Descubre_las_7_claves_de_viajar_en_autocaravana\"><a href=\"https:\/\/ac-aventuras.com\/index.php\/descargas-en-construccion\/\">Descubre las 7 claves de viajar en autocaravana<\/a><\/span><\/h2>\t\t<\/div>\n\t\t\t\t<\/div>\n\t\t\t\t<div class=\"elementor-element elementor-element-6ec729a elementor-widget elementor-widget-spacer\" data-id=\"6ec729a\" data-element_type=\"widget\" data-widget_type=\"spacer.default\">\n\t\t\t\t<div class=\"elementor-widget-container\">\n\t\t\t\t\t<div class=\"elementor-spacer\">\n\t\t\t<div class=\"elementor-spacer-inner\"><\/div>\n\t\t<\/div>\n\t\t\t\t<\/div>\n\t\t\t\t<\/div>\n\t\t\t\t\t\t<\/div>\n\t\t\t\t\t<\/div>\n\t\t<\/div>\n\t\t\t\t\t\t\t\t<\/div>\n\t\t\t\t\t<\/div>\n\t\t<\/section>\n\t\t\t\t<section class=\"elementor-section elementor-top-section elementor-element elementor-element-d20e8c7 elementor-section-boxed elementor-section-height-default elementor-section-height-default\" data-id=\"d20e8c7\" data-element_type=\"section\">\n\t\t\t\t\t\t<div class=\"elementor-container elementor-column-gap-default\">\n\t\t\t\t\t\t\t<div class=\"elementor-row\">\n\t\t\t\t\t<div class=\"elementor-column elementor-col-100 elementor-top-column elementor-element elementor-element-790f321\" data-id=\"790f321\" data-element_type=\"column\">\n\t\t\t<div class=\"elementor-column-wrap elementor-element-populated\">\n\t\t\t\t\t\t\t<div class=\"elementor-widget-wrap\">\n\t\t\t\t\t\t<div class=\"elementor-element elementor-element-e7b9c71 elementor-grid-3 elementor-grid-tablet-2 elementor-grid-mobile-1 elementor-posts--thumbnail-top elementor-widget elementor-widget-posts\" data-id=\"e7b9c71\" data-element_type=\"widget\" data-settings=\"{&quot;classic_columns&quot;:&quot;3&quot;,&quot;classic_columns_tablet&quot;:&quot;2&quot;,&quot;classic_columns_mobile&quot;:&quot;1&quot;,&quot;classic_row_gap&quot;:{&quot;unit&quot;:&quot;px&quot;,&quot;size&quot;:35,&quot;sizes&quot;:[]}}\" data-widget_type=\"posts.classic\">\n\t\t\t\t<div class=\"elementor-widget-container\">\n\t\t\t\t\t<div class=\"elementor-posts-container elementor-posts elementor-posts--skin-classic elementor-grid\">\n\t\t\t\t<article class=\"elementor-post elementor-grid-item post-1616 post type-post status-publish format-standard hentry category-uncategorized\">\n\t\t\t\t<div class=\"elementor-post__text\">\n\t\t\t\t<h3 class=\"elementor-post__title\"><span id=\"Barranco_del_Rio_Dulce_El_hombre_y_la_tierra\">\n\t\t\t<a href=\"https:\/\/ac-aventuras.com\/index.php\/2020\/07\/21\/barranco-del-rio-dulce-el-hombre-y-la-tierra\/\" >\n\t\t\t\tBarranco del R\u00edo Dulce. El hombre y la tierra\t\t\t<\/a>\n\t\t<\/span><\/h3>\n\t\t\t\t<div class=\"elementor-post__meta-data\">\n\t\t\t\t\t<span class=\"elementor-post-date\">\n\t\t\t21 julio 2020\t\t<\/span>\n\t\t\t\t<span class=\"elementor-post-avatar\">\n\t\t\tNo hay comentarios\t\t<\/span>\n\t\t\t\t<\/div>\n\t\t\t\t<div class=\"elementor-post__excerpt\">\n\t\t\t<p>El barranco del R\u00edo Dulce se halla enclavado en el Parque Natural del mismo nombre. Al igual que el Parque Natural del Alto Tajo, est\u00e1<\/p>\n\t\t<\/div>\n\t\t\t\t\t<a class=\"elementor-post__read-more\" href=\"https:\/\/ac-aventuras.com\/index.php\/2020\/07\/21\/barranco-del-rio-dulce-el-hombre-y-la-tierra\/\" >\n\t\t\t\tLeer M\u00e1s >>\t\t\t<\/a>\n\t\t\t\t<\/div>\n\t\t\t\t<\/article>\n\t\t\t\t<article class=\"elementor-post elementor-grid-item post-1541 post type-post status-publish format-standard has-post-thumbnail hentry category-uncategorized tag-barranco-de-la-hoz tag-canon-del-rio-gallo tag-guadalajara tag-parque-natural-alto-tajo tag-senderismo-alto-tajo\">\n\t\t\t\t<a class=\"elementor-post__thumbnail__link\" href=\"https:\/\/ac-aventuras.com\/index.php\/2020\/06\/10\/ruta-por-el-barranco-de-la-hoz-el-canon-de-rio-gallo-alto-tajo\/\" >\n\t\t\t<div class=\"elementor-post__thumbnail\"><img loading=\"lazy\" width=\"169\" height=\"300\" src=\"https:\/\/ac-aventuras.com\/wp-content\/uploads\/2020\/06\/Foto-de-Antonio-Ramos-3-169x300.jpg\" class=\"attachment-medium size-medium\" alt=\"\" decoding=\"async\" srcset=\"https:\/\/ac-aventuras.com\/wp-content\/uploads\/2020\/06\/Foto-de-Antonio-Ramos-3-169x300.jpg 169w, https:\/\/ac-aventuras.com\/wp-content\/uploads\/2020\/06\/Foto-de-Antonio-Ramos-3-576x1024.jpg 576w, https:\/\/ac-aventuras.com\/wp-content\/uploads\/2020\/06\/Foto-de-Antonio-Ramos-3-768x1365.jpg 768w, https:\/\/ac-aventuras.com\/wp-content\/uploads\/2020\/06\/Foto-de-Antonio-Ramos-3-864x1536.jpg 864w, https:\/\/ac-aventuras.com\/wp-content\/uploads\/2020\/06\/Foto-de-Antonio-Ramos-3.jpg 900w\" sizes=\"(max-width: 169px) 100vw, 169px\" \/><\/div>\n\t\t<\/a>\n\t\t\t\t<div class=\"elementor-post__text\">\n\t\t\t\t<h3 class=\"elementor-post__title\"><span id=\"Barranco_de_la_Hoz_El_canon_del_Rio_Gallo\">\n\t\t\t<a href=\"https:\/\/ac-aventuras.com\/index.php\/2020\/06\/10\/ruta-por-el-barranco-de-la-hoz-el-canon-de-rio-gallo-alto-tajo\/\" >\n\t\t\t\tBarranco de la Hoz. El ca\u00f1\u00f3n del R\u00edo Gallo\t\t\t<\/a>\n\t\t<\/span><\/h3>\n\t\t\t\t<div class=\"elementor-post__meta-data\">\n\t\t\t\t\t<span class=\"elementor-post-date\">\n\t\t\t10 junio 2020\t\t<\/span>\n\t\t\t\t<span class=\"elementor-post-avatar\">\n\t\t\tNo hay comentarios\t\t<\/span>\n\t\t\t\t<\/div>\n\t\t\t\t<div class=\"elementor-post__excerpt\">\n\t\t\t<p>Son muchas las rutas que se pueden hacer por el Barranco de la Hoz,el ca\u00f1\u00f3n del r\u00edo gallo, y m\u00faltiples los lugares desde donde comenzarla.<\/p>\n\t\t<\/div>\n\t\t\t\t\t<a class=\"elementor-post__read-more\" href=\"https:\/\/ac-aventuras.com\/index.php\/2020\/06\/10\/ruta-por-el-barranco-de-la-hoz-el-canon-de-rio-gallo-alto-tajo\/\" >\n\t\t\t\tLeer M\u00e1s >>\t\t\t<\/a>\n\t\t\t\t<\/div>\n\t\t\t\t<\/article>\n\t\t\t\t<article class=\"elementor-post elementor-grid-item post-1276 post type-post status-publish format-standard has-post-thumbnail hentry category-uncategorized tag-asturias tag-bosques tag-finlandia tag-huesca tag-parque-nacional tag-parque-natural tag-pinereno-oscense\">\n\t\t\t\t<a class=\"elementor-post__thumbnail__link\" href=\"https:\/\/ac-aventuras.com\/index.php\/2020\/05\/01\/huesca-a-la-falda-de-los-pirineos\/\" >\n\t\t\t<div class=\"elementor-post__thumbnail\"><img loading=\"lazy\" width=\"300\" height=\"169\" src=\"https:\/\/ac-aventuras.com\/wp-content\/uploads\/2020\/05\/Foto-de-Antonio-Ramos-12-300x169.jpg\" class=\"attachment-medium size-medium\" alt=\"\" decoding=\"async\" srcset=\"https:\/\/ac-aventuras.com\/wp-content\/uploads\/2020\/05\/Foto-de-Antonio-Ramos-12-300x169.jpg 300w, https:\/\/ac-aventuras.com\/wp-content\/uploads\/2020\/05\/Foto-de-Antonio-Ramos-12-1024x576.jpg 1024w, https:\/\/ac-aventuras.com\/wp-content\/uploads\/2020\/05\/Foto-de-Antonio-Ramos-12-768x432.jpg 768w, https:\/\/ac-aventuras.com\/wp-content\/uploads\/2020\/05\/Foto-de-Antonio-Ramos-12-1536x864.jpg 1536w, https:\/\/ac-aventuras.com\/wp-content\/uploads\/2020\/05\/Foto-de-Antonio-Ramos-12.jpg 1600w\" sizes=\"(max-width: 300px) 100vw, 300px\" \/><\/div>\n\t\t<\/a>\n\t\t\t\t<div class=\"elementor-post__text\">\n\t\t\t\t<h3 class=\"elementor-post__title\"><span id=\"Huesca_A_la_falda_de_los_Pirineos\">\n\t\t\t<a href=\"https:\/\/ac-aventuras.com\/index.php\/2020\/05\/01\/huesca-a-la-falda-de-los-pirineos\/\" >\n\t\t\t\tHuesca. A la falda de los Pirineos\t\t\t<\/a>\n\t\t<\/span><\/h3>\n\t\t\t\t<div class=\"elementor-post__meta-data\">\n\t\t\t\t\t<span class=\"elementor-post-date\">\n\t\t\t1 mayo 2020\t\t<\/span>\n\t\t\t\t<span class=\"elementor-post-avatar\">\n\t\t\tNo hay comentarios\t\t<\/span>\n\t\t\t\t<\/div>\n\t\t\t\t<div class=\"elementor-post__excerpt\">\n\t\t\t<p>La Heroica, Leal, Invicta y dos veces vencedora, Huesca nos ofrece una gran variedad de actividades para desconectar del d\u00eda a d\u00eda. Vivir y sentir<\/p>\n\t\t<\/div>\n\t\t\t\t\t<a class=\"elementor-post__read-more\" href=\"https:\/\/ac-aventuras.com\/index.php\/2020\/05\/01\/huesca-a-la-falda-de-los-pirineos\/\" >\n\t\t\t\tLeer M\u00e1s >>\t\t\t<\/a>\n\t\t\t\t<\/div>\n\t\t\t\t<\/article>\n\t\t\t\t<article class=\"elementor-post elementor-grid-item post-881 post type-post status-publish format-standard has-post-thumbnail hentry category-uncategorized tag-asturias tag-covadonga tag-paraiso-natural tag-parque-nacional tag-viajes\">\n\t\t\t\t<a class=\"elementor-post__thumbnail__link\" href=\"https:\/\/ac-aventuras.com\/index.php\/2020\/04\/11\/descubriendo-asturias\/\" >\n\t\t\t<div class=\"elementor-post__thumbnail\"><img loading=\"lazy\" width=\"300\" height=\"81\" src=\"https:\/\/ac-aventuras.com\/wp-content\/uploads\/2020\/04\/IMG-20190417-WA0010-1-300x81.jpg\" class=\"attachment-medium size-medium\" alt=\"\" decoding=\"async\" srcset=\"https:\/\/ac-aventuras.com\/wp-content\/uploads\/2020\/04\/IMG-20190417-WA0010-1-300x81.jpg 300w, https:\/\/ac-aventuras.com\/wp-content\/uploads\/2020\/04\/IMG-20190417-WA0010-1-1024x276.jpg 1024w, https:\/\/ac-aventuras.com\/wp-content\/uploads\/2020\/04\/IMG-20190417-WA0010-1-768x207.jpg 768w, https:\/\/ac-aventuras.com\/wp-content\/uploads\/2020\/04\/IMG-20190417-WA0010-1-1536x414.jpg 1536w, https:\/\/ac-aventuras.com\/wp-content\/uploads\/2020\/04\/IMG-20190417-WA0010-1.jpg 1600w\" sizes=\"(max-width: 300px) 100vw, 300px\" \/><\/div>\n\t\t<\/a>\n\t\t\t\t<div class=\"elementor-post__text\">\n\t\t\t\t<h3 class=\"elementor-post__title\"><span id=\"Descubriendo_Asturias\">\n\t\t\t<a href=\"https:\/\/ac-aventuras.com\/index.php\/2020\/04\/11\/descubriendo-asturias\/\" >\n\t\t\t\tDescubriendo Asturias.\t\t\t<\/a>\n\t\t<\/span><\/h3>\n\t\t\t\t<div class=\"elementor-post__meta-data\">\n\t\t\t\t\t<span class=\"elementor-post-date\">\n\t\t\t11 abril 2020\t\t<\/span>\n\t\t\t\t<span class=\"elementor-post-avatar\">\n\t\t\tNo hay comentarios\t\t<\/span>\n\t\t\t\t<\/div>\n\t\t\t\t<div class=\"elementor-post__excerpt\">\n\t\t\t<p>Como reza su campa\u00f1a oficial, Asturias es un para\u00edso natural, &nbsp;que debemos de visitar al menos una vez, aunque ya anticipamos que una vez que<\/p>\n\t\t<\/div>\n\t\t\t\t\t<a class=\"elementor-post__read-more\" href=\"https:\/\/ac-aventuras.com\/index.php\/2020\/04\/11\/descubriendo-asturias\/\" >\n\t\t\t\tLeer M\u00e1s >>\t\t\t<\/a>\n\t\t\t\t<\/div>\n\t\t\t\t<\/article>\n\t\t\t\t<article class=\"elementor-post elementor-grid-item post-758 post type-post status-publish format-standard has-post-thumbnail hentry category-uncategorized\">\n\t\t\t\t<a class=\"elementor-post__thumbnail__link\" href=\"https:\/\/ac-aventuras.com\/index.php\/2020\/04\/10\/finlandia-tambien-en-verano\/\" >\n\t\t\t<div class=\"elementor-post__thumbnail\"><img loading=\"lazy\" width=\"300\" height=\"150\" src=\"https:\/\/ac-aventuras.com\/wp-content\/uploads\/2020\/04\/IMG-20190810-WA0002-1-300x150.jpeg\" class=\"attachment-medium size-medium\" alt=\"\" decoding=\"async\" srcset=\"https:\/\/ac-aventuras.com\/wp-content\/uploads\/2020\/04\/IMG-20190810-WA0002-1-300x150.jpeg 300w, https:\/\/ac-aventuras.com\/wp-content\/uploads\/2020\/04\/IMG-20190810-WA0002-1-1024x512.jpeg 1024w, https:\/\/ac-aventuras.com\/wp-content\/uploads\/2020\/04\/IMG-20190810-WA0002-1-768x384.jpeg 768w, https:\/\/ac-aventuras.com\/wp-content\/uploads\/2020\/04\/IMG-20190810-WA0002-1-1536x768.jpeg 1536w, https:\/\/ac-aventuras.com\/wp-content\/uploads\/2020\/04\/IMG-20190810-WA0002-1-2048x1024.jpeg 2048w\" sizes=\"(max-width: 300px) 100vw, 300px\" \/><\/div>\n\t\t<\/a>\n\t\t\t\t<div class=\"elementor-post__text\">\n\t\t\t\t<h3 class=\"elementor-post__title\"><span id=\"FinlandiaTambien_en_verano\">\n\t\t\t<a href=\"https:\/\/ac-aventuras.com\/index.php\/2020\/04\/10\/finlandia-tambien-en-verano\/\" >\n\t\t\t\tFinlandia.Tambi\u00e9n en verano\t\t\t<\/a>\n\t\t<\/span><\/h3>\n\t\t\t\t<div class=\"elementor-post__meta-data\">\n\t\t\t\t\t<span class=\"elementor-post-date\">\n\t\t\t10 abril 2020\t\t<\/span>\n\t\t\t\t<span class=\"elementor-post-avatar\">\n\t\t\tNo hay comentarios\t\t<\/span>\n\t\t\t\t<\/div>\n\t\t\t\t<div class=\"elementor-post__excerpt\">\n\t\t\t<p>La mayor\u00eda de nosotros asociamos Finlandia a \u00a0\u00abPapa Noel\u00bb, a paisajes cubiertos de nieve, auroras boreales, pero Finlandia ofrece mucho m\u00e1s, tambi\u00e9n en verano. Indice<\/p>\n\t\t<\/div>\n\t\t\t\t\t<a class=\"elementor-post__read-more\" href=\"https:\/\/ac-aventuras.com\/index.php\/2020\/04\/10\/finlandia-tambien-en-verano\/\" >\n\t\t\t\tLeer M\u00e1s >>\t\t\t<\/a>\n\t\t\t\t<\/div>\n\t\t\t\t<\/article>\n\t\t\t\t<article class=\"elementor-post elementor-grid-item post-337 post type-post status-publish format-standard has-post-thumbnail hentry category-uncategorized\">\n\t\t\t\t<a class=\"elementor-post__thumbnail__link\" href=\"https:\/\/ac-aventuras.com\/index.php\/2020\/03\/21\/ac-aventuras\/\" >\n\t\t\t<div class=\"elementor-post__thumbnail\"><img loading=\"lazy\" width=\"300\" height=\"200\" src=\"https:\/\/ac-aventuras.com\/wp-content\/uploads\/2020\/03\/road-1303617_1280-300x200.jpg\" class=\"attachment-medium size-medium\" alt=\"\" decoding=\"async\" srcset=\"https:\/\/ac-aventuras.com\/wp-content\/uploads\/2020\/03\/road-1303617_1280-300x200.jpg 300w, https:\/\/ac-aventuras.com\/wp-content\/uploads\/2020\/03\/road-1303617_1280-1024x682.jpg 1024w, https:\/\/ac-aventuras.com\/wp-content\/uploads\/2020\/03\/road-1303617_1280-768x512.jpg 768w, https:\/\/ac-aventuras.com\/wp-content\/uploads\/2020\/03\/road-1303617_1280.jpg 1280w\" sizes=\"(max-width: 300px) 100vw, 300px\" \/><\/div>\n\t\t<\/a>\n\t\t\t\t<div class=\"elementor-post__text\">\n\t\t\t\t<h3 class=\"elementor-post__title\"><span id=\"AC_-AVENTURAS\">\n\t\t\t<a href=\"https:\/\/ac-aventuras.com\/index.php\/2020\/03\/21\/ac-aventuras\/\" >\n\t\t\t\tAC -AVENTURAS\t\t\t<\/a>\n\t\t<\/span><\/h3>\n\t\t\t\t<div class=\"elementor-post__meta-data\">\n\t\t\t\t\t<span class=\"elementor-post-date\">\n\t\t\t21 marzo 2020\t\t<\/span>\n\t\t\t\t<span class=\"elementor-post-avatar\">\n\t\t\tNo hay comentarios\t\t<\/span>\n\t\t\t\t<\/div>\n\t\t\t\t<div class=\"elementor-post__excerpt\">\n\t\t\t<p>Aqu\u00ed encontraras toda la informaci\u00f3n necesaria para tus viajes en autocaravana. Indice de contenidos 1- El porque de este blog Empezamos este blog por las<\/p>\n\t\t<\/div>\n\t\t\t\t\t<a class=\"elementor-post__read-more\" href=\"https:\/\/ac-aventuras.com\/index.php\/2020\/03\/21\/ac-aventuras\/\" >\n\t\t\t\tLeer M\u00e1s >>\t\t\t<\/a>\n\t\t\t\t<\/div>\n\t\t\t\t<\/article>\n\t\t\t\t<\/div>\n\t\t\t\t<\/div>\n\t\t\t\t<\/div>\n\t\t\t\t<div class=\"elementor-element elementor-element-bf74e84 elementor-widget elementor-widget-heading\" data-id=\"bf74e84\" data-element_type=\"widget\" data-widget_type=\"heading.default\">\n\t\t\t\t<div class=\"elementor-widget-container\">\n\t\t\t<h2 class=\"elementor-heading-title elementor-size-default\"><span id=\"Descubre_las_7_claves_de_viajar_en_autocaravana-2\"><a href=\"https:\/\/ac-aventuras.com\/index.php\/descargas-en-construccion\/\">Descubre las 7 claves de viajar en autocaravana<\/a><\/span><\/h2>\t\t<\/div>\n\t\t\t\t<\/div>\n\t\t\t\t\t\t<\/div>\n\t\t\t\t\t<\/div>\n\t\t<\/div>\n\t\t\t\t\t\t\t\t<\/div>\n\t\t\t\t\t<\/div>\n\t\t<\/section>\n\t\t\t\t\t\t<\/div>\n\t\t\t\t\t\t<\/div>\n\t\t\t\t\t<\/div>\n\t\t","protected":false},"excerpt":{"rendered":"<p>Descubre las 7 claves de viajar en autocaravana Descubre las 7 claves de viajar en autocaravana<\/p>\n","protected":false},"author":1,"featured_media":0,"parent":0,"menu_order":0,"comment_status":"closed","ping_status":"closed","template":"","meta":{"_mi_skip_tracking":false,"_monsterinsights_sitenote_active":false,"_monsterinsights_sitenote_note":"","_monsterinsights_sitenote_category":0,"footnotes":""},"yoast_head":"<!-- This site is optimized with the Yoast SEO plugin v15.3 - https:\/\/yoast.com\/wordpress\/plugins\/seo\/ -->\n<title>BLOG - Aventuras en Autocaravana<\/title>\n<meta name=\"robots\" content=\"index, follow, max-snippet:-1, max-image-preview:large, max-video-preview:-1\" \/>\n<link rel=\"canonical\" href=\"https:\/\/ac-aventuras.com\/index.php\/blog\/\" \/>\n<meta property=\"og:locale\" content=\"es_ES\" \/>\n<meta property=\"og:type\" content=\"article\" \/>\n<meta property=\"og:title\" content=\"BLOG - Aventuras en Autocaravana\" \/>\n<meta property=\"og:description\" content=\"Descubre las 7 claves de viajar en autocaravana Descubre las 7 claves de viajar en autocaravana\" \/>\n<meta property=\"og:url\" content=\"https:\/\/ac-aventuras.com\/index.php\/blog\/\" \/>\n<meta property=\"og:site_name\" content=\"Aventuras en Autocaravana\" \/>\n<meta property=\"article:modified_time\" content=\"2020-04-23T09:25:33+00:00\" \/>\n<meta name=\"twitter:card\" content=\"summary_large_image\" \/>\n<meta name=\"twitter:label1\" content=\"Escrito por\">\n\t<meta name=\"twitter:data1\" content=\"T.J. Berry\">\n\t<meta name=\"twitter:label2\" content=\"Tiempo de lectura\">\n\t<meta name=\"twitter:data2\" content=\"0 minutos\">\n<script type=\"application\/ld+json\" class=\"yoast-schema-graph\">{\"@context\":\"https:\/\/schema.org\",\"@graph\":[{\"@type\":\"WebSite\",\"@id\":\"https:\/\/ac-aventuras.com\/#website\",\"url\":\"https:\/\/ac-aventuras.com\/\",\"name\":\"Aventuras en Autocaravana\",\"description\":\"Vive tu aventura en autocaravana\",\"potentialAction\":[{\"@type\":\"SearchAction\",\"target\":\"https:\/\/ac-aventuras.com\/?s={search_term_string}\",\"query-input\":\"required name=search_term_string\"}],\"inLanguage\":\"es\"},{\"@type\":\"WebPage\",\"@id\":\"https:\/\/ac-aventuras.com\/index.php\/blog\/#webpage\",\"url\":\"https:\/\/ac-aventuras.com\/index.php\/blog\/\",\"name\":\"BLOG - Aventuras en Autocaravana\",\"isPartOf\":{\"@id\":\"https:\/\/ac-aventuras.com\/#website\"},\"datePublished\":\"2020-03-30T16:59:12+00:00\",\"dateModified\":\"2020-04-23T09:25:33+00:00\",\"inLanguage\":\"es\",\"potentialAction\":[{\"@type\":\"ReadAction\",\"target\":[\"https:\/\/ac-aventuras.com\/index.php\/blog\/\"]}]}]}<\/script>\n<!-- \/ Yoast SEO plugin. -->","_links":{"self":[{"href":"https:\/\/ac-aventuras.com\/index.php\/wp-json\/wp\/v2\/pages\/433"}],"collection":[{"href":"https:\/\/ac-aventuras.com\/index.php\/wp-json\/wp\/v2\/pages"}],"about":[{"href":"https:\/\/ac-aventuras.com\/index.php\/wp-json\/wp\/v2\/types\/page"}],"author":[{"embeddable":true,"href":"https:\/\/ac-aventuras.com\/index.php\/wp-json\/wp\/v2\/users\/1"}],"replies":[{"embeddable":true,"href":"https:\/\/ac-aventuras.com\/index.php\/wp-json\/wp\/v2\/comments?post=433"}],"version-history":[{"count":19,"href":"https:\/\/ac-aventuras.com\/index.php\/wp-json\/wp\/v2\/pages\/433\/revisions"}],"predecessor-version":[{"id":1096,"href":"https:\/\/ac-aventuras.com\/index.php\/wp-json\/wp\/v2\/pages\/433\/revisions\/1096"}],"wp:attachment":[{"href":"https:\/\/ac-aventuras.com\/index.php\/wp-json\/wp\/v2\/media?parent=433"}],"curies":[{"name":"wp","href":"https:\/\/api.w.org\/{rel}","templated":true}]}}