{"id":438,"date":"2020-03-30T19:02:37","date_gmt":"2020-03-30T17:02:37","guid":{"rendered":"https:\/\/ac-aventuras.com\/?page_id=438"},"modified":"2020-06-05T15:29:35","modified_gmt":"2020-06-05T13:29:35","slug":"quienes-somos","status":"publish","type":"page","link":"https:\/\/ac-aventuras.com\/index.php\/quienes-somos\/","title":{"rendered":"SOBRE NOSOTROS"},"content":{"rendered":"\t\t<div data-elementor-type=\"wp-page\" data-elementor-id=\"438\" class=\"elementor elementor-438\" data-elementor-settings=\"[]\">\n\t\t\t\t\t\t<div class=\"elementor-inner\">\n\t\t\t\t\t\t\t<div class=\"elementor-section-wrap\">\n\t\t\t\t\t\t\t<section class=\"elementor-section elementor-top-section elementor-element elementor-element-db3f2b3 elementor-section-boxed elementor-section-height-default elementor-section-height-default\" data-id=\"db3f2b3\" data-element_type=\"section\">\n\t\t\t\t\t\t<div class=\"elementor-container elementor-column-gap-default\">\n\t\t\t\t\t\t\t<div class=\"elementor-row\">\n\t\t\t\t\t<div class=\"elementor-column elementor-col-100 elementor-top-column elementor-element elementor-element-a1f18bf\" data-id=\"a1f18bf\" data-element_type=\"column\">\n\t\t\t<div class=\"elementor-column-wrap elementor-element-populated\">\n\t\t\t\t\t\t\t<div class=\"elementor-widget-wrap\">\n\t\t\t\t\t\t<div class=\"elementor-element elementor-element-48fe5ad elementor-widget elementor-widget-heading\" data-id=\"48fe5ad\" data-element_type=\"widget\" data-widget_type=\"heading.default\">\n\t\t\t\t<div class=\"elementor-widget-container\">\n\t\t\t<h2 class=\"elementor-heading-title elementor-size-default\">Nos presentamos<\/h2>\t\t<\/div>\n\t\t\t\t<\/div>\n\t\t\t\t<section class=\"elementor-section elementor-inner-section elementor-element elementor-element-e69b8a0 elementor-section-boxed elementor-section-height-default elementor-section-height-default\" data-id=\"e69b8a0\" data-element_type=\"section\">\n\t\t\t\t\t\t<div class=\"elementor-container elementor-column-gap-default\">\n\t\t\t\t\t\t\t<div class=\"elementor-row\">\n\t\t\t\t\t<div class=\"elementor-column elementor-col-50 elementor-inner-column elementor-element elementor-element-6bbd588\" data-id=\"6bbd588\" data-element_type=\"column\">\n\t\t\t<div class=\"elementor-column-wrap elementor-element-populated\">\n\t\t\t\t\t\t\t<div class=\"elementor-widget-wrap\">\n\t\t\t\t\t\t<div class=\"elementor-element elementor-element-7afbb5a elementor-position-top elementor-vertical-align-top elementor-widget elementor-widget-image-box\" data-id=\"7afbb5a\" data-element_type=\"widget\" data-widget_type=\"image-box.default\">\n\t\t\t\t<div class=\"elementor-widget-container\">\n\t\t\t<div class=\"elementor-image-box-wrapper\"><figure class=\"elementor-image-box-img\"><img decoding=\"async\" loading=\"lazy\" width=\"200\" height=\"200\" src=\"https:\/\/ac-aventuras.com\/wp-content\/uploads\/2020\/04\/8a129935-1368-426e-a220-d983a4c6a5ff_200x200.png\" class=\"attachment-full size-full\" alt=\"\" \/><\/figure><div class=\"elementor-image-box-content\"><h3 class=\"elementor-image-box-title\">AC-AVENTURAS<\/h3><p class=\"elementor-image-box-description\">Ayudamos a todos aquellos que viajan en autocaravana a sacarle mayor partido a sus viajes, sin las preocupaciones que tiene planear una salida.\n\nDesde las peque\u00f1as gu\u00edas y consejos, pasando por los viajes totalmente personalizados, hasta una gran excursi\u00f3n junto a otros autocaravanistas.<\/p><\/div><\/div>\t\t<\/div>\n\t\t\t\t<\/div>\n\t\t\t\t<div class=\"elementor-element elementor-element-79e0162 elementor-widget elementor-widget-image\" data-id=\"79e0162\" data-element_type=\"widget\" data-widget_type=\"image.default\">\n\t\t\t\t<div class=\"elementor-widget-container\">\n\t\t\t\t\t\t\t\t<div class=\"elementor-image\">\n\t\t\t\t\t\t\t\t\t\t\t\t<img decoding=\"async\" loading=\"lazy\" width=\"1024\" height=\"576\" src=\"https:\/\/ac-aventuras.com\/wp-content\/uploads\/2020\/04\/Foto-de-Antonio-Ramos-3-1024x576.jpg\" class=\"attachment-large size-large\" alt=\"\" srcset=\"https:\/\/ac-aventuras.com\/wp-content\/uploads\/2020\/04\/Foto-de-Antonio-Ramos-3-1024x576.jpg 1024w, https:\/\/ac-aventuras.com\/wp-content\/uploads\/2020\/04\/Foto-de-Antonio-Ramos-3-300x169.jpg 300w, https:\/\/ac-aventuras.com\/wp-content\/uploads\/2020\/04\/Foto-de-Antonio-Ramos-3-768x432.jpg 768w, https:\/\/ac-aventuras.com\/wp-content\/uploads\/2020\/04\/Foto-de-Antonio-Ramos-3.jpg 1296w\" sizes=\"(max-width: 1024px) 100vw, 1024px\" \/>\t\t\t\t\t\t\t\t\t\t\t\t\t\t<\/div>\n\t\t\t\t\t\t<\/div>\n\t\t\t\t<\/div>\n\t\t\t\t\t\t<\/div>\n\t\t\t\t\t<\/div>\n\t\t<\/div>\n\t\t\t\t<div class=\"elementor-column elementor-col-50 elementor-inner-column elementor-element elementor-element-7a38474\" data-id=\"7a38474\" data-element_type=\"column\">\n\t\t\t<div class=\"elementor-column-wrap elementor-element-populated\">\n\t\t\t\t\t\t\t<div class=\"elementor-widget-wrap\">\n\t\t\t\t\t\t<div class=\"elementor-element elementor-element-457d241 elementor-widget elementor-widget-heading\" data-id=\"457d241\" data-element_type=\"widget\" data-widget_type=\"heading.default\">\n\t\t\t\t<div class=\"elementor-widget-container\">\n\t\t\t<h2 class=\"elementor-heading-title elementor-size-default\">Antonio R.B.<br>Y<br>MAR\u00cdA LUISA <\/h2>\t\t<\/div>\n\t\t\t\t<\/div>\n\t\t\t\t<div class=\"elementor-element elementor-element-ab31ffd elementor-widget elementor-widget-text-editor\" data-id=\"ab31ffd\" data-element_type=\"widget\" data-widget_type=\"text-editor.default\">\n\t\t\t\t<div class=\"elementor-widget-container\">\n\t\t\t\t\t\t\t\t<div class=\"elementor-text-editor elementor-clearfix\">\n\t\t\t\t<p>Llevo en el mundo del turismo m\u00e1s de 30 a\u00f1os y he visitado mas de 20 pa\u00edses.<\/p><p>Mar\u00eda Luisa, activa por naturaleza, tampoco ha dejado de viajar, desde aquel primer viaje a Pompeya, donde despu\u00e9s de gastar dos carretes de fotos, no pudo recuperar ninguna. Es, <strong><em>\u00abel viaje pendiente\u00bb.<\/em><\/strong><\/p><p>Desde el mas humilde de los turistas hemos llegado a ser unos viajeros en autocaravana.\u00a0<\/p><p>Te vamos a ayudar a sacar el mayor partido a tu <strong>viaje en autocaravana<\/strong>.\u00a0<\/p><p>Estamos seguros que tu tambi\u00e9n dejar\u00e1s de ser turista para convertirte en viajero.<\/p>\t\t\t\t\t<\/div>\n\t\t\t\t\t\t<\/div>\n\t\t\t\t<\/div>\n\t\t\t\t\t\t<\/div>\n\t\t\t\t\t<\/div>\n\t\t<\/div>\n\t\t\t\t\t\t\t\t<\/div>\n\t\t\t\t\t<\/div>\n\t\t<\/section>\n\t\t\t\t<div class=\"elementor-element elementor-element-d3e4d20 elementor-widget-divider--view-line elementor-widget elementor-widget-divider\" data-id=\"d3e4d20\" data-element_type=\"widget\" data-widget_type=\"divider.default\">\n\t\t\t\t<div class=\"elementor-widget-container\">\n\t\t\t\t\t<div class=\"elementor-divider\">\n\t\t\t<span class=\"elementor-divider-separator\">\n\t\t\t\t\t\t<\/span>\n\t\t<\/div>\n\t\t\t\t<\/div>\n\t\t\t\t<\/div>\n\t\t\t\t\t\t<\/div>\n\t\t\t\t\t<\/div>\n\t\t<\/div>\n\t\t\t\t\t\t\t\t<\/div>\n\t\t\t\t\t<\/div>\n\t\t<\/section>\n\t\t\t\t<section class=\"elementor-section elementor-top-section elementor-element elementor-element-f590dc6 elementor-section-boxed elementor-section-height-default elementor-section-height-default\" data-id=\"f590dc6\" data-element_type=\"section\">\n\t\t\t\t\t\t<div class=\"elementor-container elementor-column-gap-default\">\n\t\t\t\t\t\t\t<div class=\"elementor-row\">\n\t\t\t\t\t<div class=\"elementor-column elementor-col-100 elementor-top-column elementor-element elementor-element-9c112ee\" data-id=\"9c112ee\" data-element_type=\"column\">\n\t\t\t<div class=\"elementor-column-wrap elementor-element-populated\">\n\t\t\t\t\t\t\t<div class=\"elementor-widget-wrap\">\n\t\t\t\t\t\t<section class=\"elementor-section elementor-inner-section elementor-element elementor-element-f6c3d63 elementor-section-boxed elementor-section-height-default elementor-section-height-default\" data-id=\"f6c3d63\" data-element_type=\"section\">\n\t\t\t\t\t\t<div class=\"elementor-container elementor-column-gap-default\">\n\t\t\t\t\t\t\t<div class=\"elementor-row\">\n\t\t\t\t\t<div class=\"elementor-column elementor-col-50 elementor-inner-column elementor-element elementor-element-00f68d4\" data-id=\"00f68d4\" data-element_type=\"column\">\n\t\t\t<div class=\"elementor-column-wrap elementor-element-populated\">\n\t\t\t\t\t\t\t<div class=\"elementor-widget-wrap\">\n\t\t\t\t\t\t<div class=\"elementor-element elementor-element-196a312 elementor-widget elementor-widget-heading\" data-id=\"196a312\" data-element_type=\"widget\" data-widget_type=\"heading.default\">\n\t\t\t\t<div class=\"elementor-widget-container\">\n\t\t\t<h2 class=\"elementor-heading-title elementor-size-default\">\u00bfQue te ofrecemos?<\/h2>\t\t<\/div>\n\t\t\t\t<\/div>\n\t\t\t\t\t\t<\/div>\n\t\t\t\t\t<\/div>\n\t\t<\/div>\n\t\t\t\t<div class=\"elementor-column elementor-col-50 elementor-inner-column elementor-element elementor-element-17933c5\" data-id=\"17933c5\" data-element_type=\"column\">\n\t\t\t<div class=\"elementor-column-wrap elementor-element-populated\">\n\t\t\t\t\t\t\t<div class=\"elementor-widget-wrap\">\n\t\t\t\t\t\t<div class=\"elementor-element elementor-element-7bf4220 elementor-widget elementor-widget-text-editor\" data-id=\"7bf4220\" data-element_type=\"widget\" data-widget_type=\"text-editor.default\">\n\t\t\t\t<div class=\"elementor-widget-container\">\n\t\t\t\t\t\t\t\t<div class=\"elementor-text-editor elementor-clearfix\">\n\t\t\t\t<p><strong>Viajar en autocaravana<\/strong> es una experiencia \u00fanica. Un antes y un despu\u00e9s. Conocer el lugar donde llegas, sin prisa, sin horarios.&nbsp;<\/p>\n<p>Dedicar el viaje a lo que es, a conocer el entorno en el que nos movemos y en el que estamos.<\/p>\n<p>Una hora, dos d\u00edas, una semana, da igual, Poder decidir cuando y donde<\/p>\t\t\t\t\t<\/div>\n\t\t\t\t\t\t<\/div>\n\t\t\t\t<\/div>\n\t\t\t\t\t\t<\/div>\n\t\t\t\t\t<\/div>\n\t\t<\/div>\n\t\t\t\t\t\t\t\t<\/div>\n\t\t\t\t\t<\/div>\n\t\t<\/section>\n\t\t\t\t\t\t<\/div>\n\t\t\t\t\t<\/div>\n\t\t<\/div>\n\t\t\t\t\t\t\t\t<\/div>\n\t\t\t\t\t<\/div>\n\t\t<\/section>\n\t\t\t\t<section class=\"elementor-section elementor-top-section elementor-element elementor-element-e3ae9b6 elementor-section-boxed elementor-section-height-default elementor-section-height-default\" data-id=\"e3ae9b6\" data-element_type=\"section\">\n\t\t\t\t\t\t<div class=\"elementor-container elementor-column-gap-default\">\n\t\t\t\t\t\t\t<div class=\"elementor-row\">\n\t\t\t\t\t<div class=\"elementor-column elementor-col-100 elementor-top-column elementor-element elementor-element-738f078\" data-id=\"738f078\" data-element_type=\"column\">\n\t\t\t<div class=\"elementor-column-wrap elementor-element-populated\">\n\t\t\t\t\t\t\t<div class=\"elementor-widget-wrap\">\n\t\t\t\t\t\t<div class=\"elementor-element elementor-element-9b918c2 elementor-widget-divider--view-line elementor-widget elementor-widget-divider\" data-id=\"9b918c2\" data-element_type=\"widget\" data-widget_type=\"divider.default\">\n\t\t\t\t<div class=\"elementor-widget-container\">\n\t\t\t\t\t<div class=\"elementor-divider\">\n\t\t\t<span class=\"elementor-divider-separator\">\n\t\t\t\t\t\t<\/span>\n\t\t<\/div>\n\t\t\t\t<\/div>\n\t\t\t\t<\/div>\n\t\t\t\t<section class=\"elementor-section elementor-inner-section elementor-element elementor-element-a0a9d7d elementor-section-boxed elementor-section-height-default elementor-section-height-default\" data-id=\"a0a9d7d\" data-element_type=\"section\">\n\t\t\t\t\t\t<div class=\"elementor-container elementor-column-gap-default\">\n\t\t\t\t\t\t\t<div class=\"elementor-row\">\n\t\t\t\t\t<div class=\"elementor-column elementor-col-50 elementor-inner-column elementor-element elementor-element-9b9340a\" data-id=\"9b9340a\" data-element_type=\"column\">\n\t\t\t<div class=\"elementor-column-wrap elementor-element-populated\">\n\t\t\t\t\t\t\t<div class=\"elementor-widget-wrap\">\n\t\t\t\t\t\t<div class=\"elementor-element elementor-element-2837d0d elementor-widget elementor-widget-heading\" data-id=\"2837d0d\" data-element_type=\"widget\" data-widget_type=\"heading.default\">\n\t\t\t\t<div class=\"elementor-widget-container\">\n\t\t\t<h2 class=\"elementor-heading-title elementor-size-default\">No hay l\u00edmites<\/h2>\t\t<\/div>\n\t\t\t\t<\/div>\n\t\t\t\t<div class=\"elementor-element elementor-element-dc51cb5 elementor-widget elementor-widget-text-editor\" data-id=\"dc51cb5\" data-element_type=\"widget\" data-widget_type=\"text-editor.default\">\n\t\t\t\t<div class=\"elementor-widget-container\">\n\t\t\t\t\t\t\t\t<div class=\"elementor-text-editor elementor-clearfix\">\n\t\t\t\t<p>El limite lo pones t\u00fa.<\/p><p class=\"tve-droppable\" data-css=\"tve-u-166d8ff187f\">Los mejores <strong>viajes en autocaravana<\/strong> \u00a0se basan en el respeto, en la pasi\u00f3n viajera, en el conocimiento, en la colaboraci\u00f3n. \u00a0Intentando que todo el mundo salga ganado. El viajero, los lugares visitados.\u00a0<\/p><p class=\"tve-droppable\" data-css=\"tve-u-166d8ff187f\"><strong>Somos las personas quienes creamos los momentos especiales de un viaje<\/strong>. Si todos viajamos a los mismos lugares, de la misma forma y encima con prisas, \u00bfqu\u00e9 conseguimos?<\/p><p class=\"tve-droppable\" data-css=\"tve-u-166d8ff187f\">T\u00fa, yo, la gente local, la gente que encontramos por el camino, los proveedores locales\u2026 Somos quienes damos ese toque especial al viaje.\u00a0<\/p><p>\u00a0<\/p>\t\t\t\t\t<\/div>\n\t\t\t\t\t\t<\/div>\n\t\t\t\t<\/div>\n\t\t\t\t\t\t<\/div>\n\t\t\t\t\t<\/div>\n\t\t<\/div>\n\t\t\t\t<div class=\"elementor-column elementor-col-50 elementor-inner-column elementor-element elementor-element-300e6df\" data-id=\"300e6df\" data-element_type=\"column\">\n\t\t\t<div class=\"elementor-column-wrap elementor-element-populated\">\n\t\t\t\t\t\t\t<div class=\"elementor-widget-wrap\">\n\t\t\t\t\t\t<div class=\"elementor-element elementor-element-6faf612 elementor-widget elementor-widget-image\" data-id=\"6faf612\" data-element_type=\"widget\" data-widget_type=\"image.default\">\n\t\t\t\t<div class=\"elementor-widget-container\">\n\t\t\t\t\t\t\t\t<div class=\"elementor-image\">\n\t\t\t\t\t\t\t\t\t\t\t\t<img decoding=\"async\" loading=\"lazy\" width=\"512\" height=\"1024\" src=\"https:\/\/ac-aventuras.com\/wp-content\/uploads\/2020\/04\/IMG_20190814_203357-512x1024.jpg\" class=\"attachment-large size-large\" alt=\"\" srcset=\"https:\/\/ac-aventuras.com\/wp-content\/uploads\/2020\/04\/IMG_20190814_203357-512x1024.jpg 512w, https:\/\/ac-aventuras.com\/wp-content\/uploads\/2020\/04\/IMG_20190814_203357-150x300.jpg 150w, https:\/\/ac-aventuras.com\/wp-content\/uploads\/2020\/04\/IMG_20190814_203357-768x1536.jpg 768w, https:\/\/ac-aventuras.com\/wp-content\/uploads\/2020\/04\/IMG_20190814_203357-1024x2048.jpg 1024w, https:\/\/ac-aventuras.com\/wp-content\/uploads\/2020\/04\/IMG_20190814_203357-scaled.jpg 1280w\" sizes=\"(max-width: 512px) 100vw, 512px\" \/>\t\t\t\t\t\t\t\t\t\t\t\t\t\t<\/div>\n\t\t\t\t\t\t<\/div>\n\t\t\t\t<\/div>\n\t\t\t\t\t\t<\/div>\n\t\t\t\t\t<\/div>\n\t\t<\/div>\n\t\t\t\t\t\t\t\t<\/div>\n\t\t\t\t\t<\/div>\n\t\t<\/section>\n\t\t\t\t\t\t<\/div>\n\t\t\t\t\t<\/div>\n\t\t<\/div>\n\t\t\t\t\t\t\t\t<\/div>\n\t\t\t\t\t<\/div>\n\t\t<\/section>\n\t\t\t\t<section class=\"elementor-section elementor-top-section elementor-element elementor-element-8bd3505 elementor-section-boxed elementor-section-height-default elementor-section-height-default\" data-id=\"8bd3505\" data-element_type=\"section\">\n\t\t\t\t\t\t<div class=\"elementor-container elementor-column-gap-default\">\n\t\t\t\t\t\t\t<div class=\"elementor-row\">\n\t\t\t\t\t<div class=\"elementor-column elementor-col-100 elementor-top-column elementor-element elementor-element-083002c\" data-id=\"083002c\" data-element_type=\"column\">\n\t\t\t<div class=\"elementor-column-wrap elementor-element-populated\">\n\t\t\t\t\t\t\t<div class=\"elementor-widget-wrap\">\n\t\t\t\t\t\t<div class=\"elementor-element elementor-element-f157893 elementor-widget elementor-widget-text-editor\" data-id=\"f157893\" data-element_type=\"widget\" data-widget_type=\"text-editor.default\">\n\t\t\t\t<div class=\"elementor-widget-container\">\n\t\t\t\t\t\t\t\t<div class=\"elementor-text-editor elementor-clearfix\">\n\t\t\t\t<p><a href=\"https:\/\/ac-aventuras.com\/index.php\/descargas-en-construccion\/\">DESCUBRE LAS 7 CLAVES DE VIAJAR EN AUTOCARAVANA<\/a><\/p>\t\t\t\t\t<\/div>\n\t\t\t\t\t\t<\/div>\n\t\t\t\t<\/div>\n\t\t\t\t\t\t<\/div>\n\t\t\t\t\t<\/div>\n\t\t<\/div>\n\t\t\t\t\t\t\t\t<\/div>\n\t\t\t\t\t<\/div>\n\t\t<\/section>\n\t\t\t\t\t\t<\/div>\n\t\t\t\t\t\t<\/div>\n\t\t\t\t\t<\/div>\n\t\t","protected":false},"excerpt":{"rendered":"<p>Nos presentamos AC-AVENTURAS Ayudamos a todos aquellos que viajan en autocaravana a sacarle mayor partido a sus viajes, sin las preocupaciones que tiene planear una salida. Desde las peque\u00f1as gu\u00edas y consejos, pasando por los viajes totalmente personalizados, hasta una gran excursi\u00f3n junto a otros autocaravanistas. Antonio R.B.YMAR\u00cdA LUISA Llevo en el mundo del turismo &#8230; <a title=\"SOBRE NOSOTROS\" class=\"read-more\" href=\"https:\/\/ac-aventuras.com\/index.php\/quienes-somos\/\">Leer m\u00e1s <span class=\"screen-reader-text\">SOBRE NOSOTROS<\/span><\/a><\/p>\n","protected":false},"author":1,"featured_media":0,"parent":0,"menu_order":0,"comment_status":"closed","ping_status":"closed","template":"","meta":{"_mi_skip_tracking":false,"_monsterinsights_sitenote_active":false,"_monsterinsights_sitenote_note":"","_monsterinsights_sitenote_category":0,"footnotes":""},"yoast_head":"<!-- This site is optimized with the Yoast SEO plugin v15.3 - https:\/\/yoast.com\/wordpress\/plugins\/seo\/ -->\n<title>SOBRE NOSOTROS - Aventuras en Autocaravana<\/title>\n<meta name=\"robots\" content=\"index, follow, max-snippet:-1, max-image-preview:large, max-video-preview:-1\" \/>\n<link rel=\"canonical\" href=\"https:\/\/ac-aventuras.com\/index.php\/quienes-somos\/\" \/>\n<meta property=\"og:locale\" content=\"es_ES\" \/>\n<meta property=\"og:type\" content=\"article\" \/>\n<meta property=\"og:title\" content=\"SOBRE NOSOTROS - Aventuras en Autocaravana\" \/>\n<meta property=\"og:description\" content=\"Nos presentamos AC-AVENTURAS Ayudamos a todos aquellos que viajan en autocaravana a sacarle mayor partido a sus viajes, sin las preocupaciones que tiene planear una salida. Desde las peque\u00f1as gu\u00edas y consejos, pasando por los viajes totalmente personalizados, hasta una gran excursi\u00f3n junto a otros autocaravanistas. Antonio R.B.YMAR\u00cdA LUISA Llevo en el mundo del turismo ... Leer m\u00e1s SOBRE NOSOTROS\" \/>\n<meta property=\"og:url\" content=\"https:\/\/ac-aventuras.com\/index.php\/quienes-somos\/\" \/>\n<meta property=\"og:site_name\" content=\"Aventuras en Autocaravana\" \/>\n<meta property=\"article:modified_time\" content=\"2020-06-05T13:29:35+00:00\" \/>\n<meta property=\"og:image\" content=\"https:\/\/ac-aventuras.com\/wp-content\/uploads\/2020\/04\/8a129935-1368-426e-a220-d983a4c6a5ff_200x200.png\" \/>\n<meta name=\"twitter:card\" content=\"summary_large_image\" \/>\n<meta name=\"twitter:label1\" content=\"Escrito por\">\n\t<meta name=\"twitter:data1\" content=\"T.J. Berry\">\n\t<meta name=\"twitter:label2\" content=\"Tiempo de lectura\">\n\t<meta name=\"twitter:data2\" content=\"1 minuto\">\n<script type=\"application\/ld+json\" class=\"yoast-schema-graph\">{\"@context\":\"https:\/\/schema.org\",\"@graph\":[{\"@type\":\"WebSite\",\"@id\":\"https:\/\/ac-aventuras.com\/#website\",\"url\":\"https:\/\/ac-aventuras.com\/\",\"name\":\"Aventuras en Autocaravana\",\"description\":\"Vive tu aventura en autocaravana\",\"potentialAction\":[{\"@type\":\"SearchAction\",\"target\":\"https:\/\/ac-aventuras.com\/?s={search_term_string}\",\"query-input\":\"required name=search_term_string\"}],\"inLanguage\":\"es\"},{\"@type\":\"ImageObject\",\"@id\":\"https:\/\/ac-aventuras.com\/index.php\/quienes-somos\/#primaryimage\",\"inLanguage\":\"es\",\"url\":\"https:\/\/ac-aventuras.com\/wp-content\/uploads\/2020\/04\/8a129935-1368-426e-a220-d983a4c6a5ff_200x200.png\",\"width\":200,\"height\":200},{\"@type\":\"WebPage\",\"@id\":\"https:\/\/ac-aventuras.com\/index.php\/quienes-somos\/#webpage\",\"url\":\"https:\/\/ac-aventuras.com\/index.php\/quienes-somos\/\",\"name\":\"SOBRE NOSOTROS - Aventuras en Autocaravana\",\"isPartOf\":{\"@id\":\"https:\/\/ac-aventuras.com\/#website\"},\"primaryImageOfPage\":{\"@id\":\"https:\/\/ac-aventuras.com\/index.php\/quienes-somos\/#primaryimage\"},\"datePublished\":\"2020-03-30T17:02:37+00:00\",\"dateModified\":\"2020-06-05T13:29:35+00:00\",\"inLanguage\":\"es\",\"potentialAction\":[{\"@type\":\"ReadAction\",\"target\":[\"https:\/\/ac-aventuras.com\/index.php\/quienes-somos\/\"]}]}]}<\/script>\n<!-- \/ Yoast SEO plugin. -->","_links":{"self":[{"href":"https:\/\/ac-aventuras.com\/index.php\/wp-json\/wp\/v2\/pages\/438"}],"collection":[{"href":"https:\/\/ac-aventuras.com\/index.php\/wp-json\/wp\/v2\/pages"}],"about":[{"href":"https:\/\/ac-aventuras.com\/index.php\/wp-json\/wp\/v2\/types\/page"}],"author":[{"embeddable":true,"href":"https:\/\/ac-aventuras.com\/index.php\/wp-json\/wp\/v2\/users\/1"}],"replies":[{"embeddable":true,"href":"https:\/\/ac-aventuras.com\/index.php\/wp-json\/wp\/v2\/comments?post=438"}],"version-history":[{"count":33,"href":"https:\/\/ac-aventuras.com\/index.php\/wp-json\/wp\/v2\/pages\/438\/revisions"}],"predecessor-version":[{"id":1537,"href":"https:\/\/ac-aventuras.com\/index.php\/wp-json\/wp\/v2\/pages\/438\/revisions\/1537"}],"wp:attachment":[{"href":"https:\/\/ac-aventuras.com\/index.php\/wp-json\/wp\/v2\/media?parent=438"}],"curies":[{"name":"wp","href":"https:\/\/api.w.org\/{rel}","templated":true}]}}