{"id":446,"date":"2020-03-30T19:09:06","date_gmt":"2020-03-30T17:09:06","guid":{"rendered":"https:\/\/ac-aventuras.com\/?page_id=446"},"modified":"2020-06-01T18:17:33","modified_gmt":"2020-06-01T16:17:33","slug":"contacto","status":"publish","type":"page","link":"https:\/\/ac-aventuras.com\/index.php\/contacto\/","title":{"rendered":"CONTACTO"},"content":{"rendered":"\t\t<div data-elementor-type=\"wp-page\" data-elementor-id=\"446\" class=\"elementor elementor-446\" data-elementor-settings=\"[]\">\n\t\t\t\t\t\t<div class=\"elementor-inner\">\n\t\t\t\t\t\t\t<div class=\"elementor-section-wrap\">\n\t\t\t\t\t\t\t<section class=\"elementor-section elementor-top-section elementor-element elementor-element-0866636 elementor-section-boxed elementor-section-height-default elementor-section-height-default\" data-id=\"0866636\" data-element_type=\"section\">\n\t\t\t\t\t\t<div class=\"elementor-container elementor-column-gap-default\">\n\t\t\t\t\t\t\t<div class=\"elementor-row\">\n\t\t\t\t\t<div class=\"elementor-column elementor-col-100 elementor-top-column elementor-element elementor-element-b3f51dc\" data-id=\"b3f51dc\" data-element_type=\"column\">\n\t\t\t<div class=\"elementor-column-wrap elementor-element-populated\">\n\t\t\t\t\t\t\t<div class=\"elementor-widget-wrap\">\n\t\t\t\t\t\t\t\t<\/div>\n\t\t\t\t\t<\/div>\n\t\t<\/div>\n\t\t\t\t\t\t\t\t<\/div>\n\t\t\t\t\t<\/div>\n\t\t<\/section>\n\t\t\t\t<section class=\"elementor-section elementor-top-section elementor-element elementor-element-dd65f89 elementor-section-boxed elementor-section-height-default elementor-section-height-default\" data-id=\"dd65f89\" data-element_type=\"section\">\n\t\t\t\t\t\t<div class=\"elementor-container elementor-column-gap-default\">\n\t\t\t\t\t\t\t<div class=\"elementor-row\">\n\t\t\t\t\t<div class=\"elementor-column elementor-col-100 elementor-top-column elementor-element elementor-element-5a5e4d4\" data-id=\"5a5e4d4\" data-element_type=\"column\">\n\t\t\t<div class=\"elementor-column-wrap elementor-element-populated\">\n\t\t\t\t\t\t\t<div class=\"elementor-widget-wrap\">\n\t\t\t\t\t\t<div class=\"elementor-element elementor-element-77564e9 elementor-widget elementor-widget-heading\" data-id=\"77564e9\" data-element_type=\"widget\" data-widget_type=\"heading.default\">\n\t\t\t\t<div class=\"elementor-widget-container\">\n\t\t\t<h2 class=\"elementor-heading-title elementor-size-default\">CONTACTANOS Y COMPARTE TUS...<\/h2>\t\t<\/div>\n\t\t\t\t<\/div>\n\t\t\t\t<div class=\"elementor-element elementor-element-70c148e elementor-widget elementor-widget-text-editor\" data-id=\"70c148e\" data-element_type=\"widget\" data-widget_type=\"text-editor.default\">\n\t\t\t\t<div class=\"elementor-widget-container\">\n\t\t\t\t\t\t\t\t<div class=\"elementor-text-editor elementor-clearfix\">\n\t\t\t\t<h2 class=\"elementor-heading-title elementor-size-default\">DUDAS, PREGUNTAS, PROPUESTAS&#8230;<\/h2>\t\t\t\t\t<\/div>\n\t\t\t\t\t\t<\/div>\n\t\t\t\t<\/div>\n\t\t\t\t<div class=\"elementor-element elementor-element-757d111 elementor-widget elementor-widget-text-editor\" data-id=\"757d111\" data-element_type=\"widget\" data-widget_type=\"text-editor.default\">\n\t\t\t\t<div class=\"elementor-widget-container\">\n\t\t\t\t\t\t\t\t<div class=\"elementor-text-editor elementor-clearfix\">\n\t\t\t\t<p data-unit=\"px\" data-web-font=\"Arial, Helvetica, sans-serif\">Puedes contactar con nosotros, para lo que necesites, utilizando los siguientes medios de comunicaci\u00f3n. Eso s\u00ed, a veces no podemos responder al instante.<\/p><p data-unit=\"px\" data-web-font=\"Arial, Helvetica, sans-serif\">Por eso, te pedimos paciencia ya que atendemos y damos repuesta a todos los mensajes y correos que nos llegan, siempre que sigan las siguientes indicaciones.<\/p><p data-unit=\"px\" data-web-font=\"Arial, Helvetica, sans-serif\">Contacta con nosotros en:<strong>\u00a0info@ac-aventuras.com<\/strong><\/p>\t\t\t\t\t<\/div>\n\t\t\t\t\t\t<\/div>\n\t\t\t\t<\/div>\n\t\t\t\t<div class=\"elementor-element elementor-element-a6584f6 elementor-widget elementor-widget-text-editor\" data-id=\"a6584f6\" data-element_type=\"widget\" data-widget_type=\"text-editor.default\">\n\t\t\t\t<div class=\"elementor-widget-container\">\n\t\t\t\t\t\t\t\t<div class=\"elementor-text-editor elementor-clearfix\">\n\t\t\t\t<p><strong>Encantados de atenderte SI:<\/strong><\/p><p><span style=\"color: #37f037;\">\u21d2<\/span> \u00a0Necesitas cualquier tipo de ayuda. (Que sean correos cortos, por favor).<\/p><p><span style=\"color: #37f037;\">\u21d2<\/span> \u00a0Sugerencias, criticas constructivas, cosas que puedan ser \u00fatiles para viajeros y lectores.<\/p><p><span style=\"color: #37f037;\">\u21d2<\/span> \u00a0Preguntas sobre productos y\/o servicios en venta.<\/p><p><span style=\"color: #37f037;\">\u21d2<\/span> \u00a0Si quieres escribir un art\u00edculo como invitado.<\/p><p><strong>NO contestaremos a:<\/strong><\/p><p><span style=\"color: #ff0000;\">\u2207 \u00a0<span style=\"color: #000000;\">Cr\u00edticas destructivas, insultos, spam, etc&#8230;<\/span><\/span><\/p><p><span style=\"color: #ff0000;\">\u2207<\/span>\u00a0 Correos que no lleven a ning\u00fan sitio.<\/p><p><span style=\"color: #ff0000;\">\u2207<\/span>\u00a0 Peticiones sin sentido.<\/p>\t\t\t\t\t<\/div>\n\t\t\t\t\t\t<\/div>\n\t\t\t\t<\/div>\n\t\t\t\t<div class=\"elementor-element elementor-element-4709041 elementor-widget elementor-widget-text-editor\" data-id=\"4709041\" data-element_type=\"widget\" data-widget_type=\"text-editor.default\">\n\t\t\t\t<div class=\"elementor-widget-container\">\n\t\t\t\t\t\t\t\t<div class=\"elementor-text-editor elementor-clearfix\">\n\t\t\t\t<p>USA NUESTRO CAJETIN DE CORREO Y ESCR\u00cdBENOS DIRECTAMENTE\u00a0<\/p>\t\t\t\t\t<\/div>\n\t\t\t\t\t\t<\/div>\n\t\t\t\t<\/div>\n\t\t\t\t<div class=\"elementor-element elementor-element-04b45ae elementor-button-align-center elementor-widget elementor-widget-form\" data-id=\"04b45ae\" data-element_type=\"widget\" data-settings=\"{&quot;button_width&quot;:&quot;100&quot;,&quot;step_next_label&quot;:&quot;Siguiente&quot;,&quot;step_previous_label&quot;:&quot;Anterior&quot;,&quot;step_type&quot;:&quot;number_text&quot;,&quot;step_icon_shape&quot;:&quot;circle&quot;}\" data-widget_type=\"form.default\">\n\t\t\t\t<div class=\"elementor-widget-container\">\n\t\t\t\t\t<form class=\"elementor-form\" method=\"post\" name=\"Nuevo Formulario\">\n\t\t\t<input type=\"hidden\" name=\"post_id\" value=\"446\"\/>\n\t\t\t<input type=\"hidden\" name=\"form_id\" value=\"04b45ae\"\/>\n\n\t\t\t\n\t\t\t<div class=\"elementor-form-fields-wrapper elementor-labels-above\">\n\t\t\t\t\t\t\t\t<div class=\"elementor-field-type-text elementor-field-group elementor-column elementor-field-group-name elementor-col-100\">\n\t\t\t\t\t<label for=\"form-field-name\" class=\"elementor-field-label\">Nombre<\/label><input size=\"1\" type=\"text\" name=\"form_fields[name]\" id=\"form-field-name\" class=\"elementor-field elementor-size-sm  elementor-field-textual\" placeholder=\"Escribe tu Nombre\">\t\t\t\t<\/div>\n\t\t\t\t\t\t\t\t<div class=\"elementor-field-type-email elementor-field-group elementor-column elementor-field-group-email elementor-col-100 elementor-field-required elementor-mark-required\">\n\t\t\t\t\t<label for=\"form-field-email\" class=\"elementor-field-label\">Email<\/label><input size=\"1\" type=\"email\" name=\"form_fields[email]\" id=\"form-field-email\" class=\"elementor-field elementor-size-sm  elementor-field-textual\" placeholder=\"Escribe tu mejor E-mail\" required=\"required\" aria-required=\"true\">\t\t\t\t<\/div>\n\t\t\t\t\t\t\t\t<div class=\"elementor-field-type-textarea elementor-field-group elementor-column elementor-field-group-message elementor-col-100\">\n\t\t\t\t\t<label for=\"form-field-message\" class=\"elementor-field-label\">Cu\u00e9ntanos tus necesidades o dudas<\/label><textarea class=\"elementor-field-textual elementor-field  elementor-size-sm\" name=\"form_fields[message]\" id=\"form-field-message\" rows=\"4\" placeholder=\"Mensaje\"><\/textarea>\t\t\t\t<\/div>\n\t\t\t\t\t\t\t\t<div class=\"elementor-field-type-checkbox elementor-field-group elementor-column elementor-field-group-field_1 elementor-col-100\">\n\t\t\t\t\t<div class=\"elementor-field-subgroup  \"><span class=\"elementor-field-option\"><input type=\"checkbox\" value=\"Acepto la politica de privacidad\" id=\"form-field-field_1-0\" name=\"form_fields[field_1]\"> <label for=\"form-field-field_1-0\">Acepto la politica de privacidad<\/label><\/span><\/div>\t\t\t\t<\/div>\n\t\t\t\t\t\t\t\t<div class=\"elementor-field-group elementor-column elementor-field-type-submit elementor-col-100 e-form__buttons\">\n\t\t\t\t\t<button type=\"submit\" class=\"elementor-button elementor-size-sm elementor-animation-grow\">\n\t\t\t\t\t\t<span >\n\t\t\t\t\t\t\t\t\t\t\t\t\t\t\t<span class=\"elementor-align-icon-right elementor-button-icon\">\n\t\t\t\t\t\t\t\t\t<i aria-hidden=\"true\" class=\"fas fa-envelope\"><\/i>\t\t\t\t\t\t\t\t\t\t\t\t\t\t\t\t\t<\/span>\n\t\t\t\t\t\t\t\t\t\t\t\t\t\t\t\t\t\t\t\t\t\t<span class=\"elementor-button-text\">Env\u00eda tu consulta<\/span>\n\t\t\t\t\t\t\t\t\t\t\t\t\t<\/span>\n\t\t\t\t\t<\/button>\n\t\t\t\t<\/div>\n\t\t\t<\/div>\n\t\t<\/form>\n\t\t\t\t<\/div>\n\t\t\t\t<\/div>\n\t\t\t\t<div class=\"elementor-element elementor-element-80272d2 elementor-widget-divider--view-line elementor-widget elementor-widget-divider\" data-id=\"80272d2\" data-element_type=\"widget\" data-widget_type=\"divider.default\">\n\t\t\t\t<div class=\"elementor-widget-container\">\n\t\t\t\t\t<div class=\"elementor-divider\">\n\t\t\t<span class=\"elementor-divider-separator\">\n\t\t\t\t\t\t<\/span>\n\t\t<\/div>\n\t\t\t\t<\/div>\n\t\t\t\t<\/div>\n\t\t\t\t<div class=\"elementor-element elementor-element-56269c7 elementor-widget elementor-widget-text-editor\" data-id=\"56269c7\" data-element_type=\"widget\" data-widget_type=\"text-editor.default\">\n\t\t\t\t<div class=\"elementor-widget-container\">\n\t\t\t\t\t\t\t\t<div class=\"elementor-text-editor elementor-clearfix\">\n\t\t\t\t<p><span data-css=\"tve-u-166d3f421c8\"><strong><em>Responsable<u> <\/u>\u00bb<\/em><\/strong><\/span><em><strong><span data-css=\"tve-u-166d3f421ca\">\u00a0Antonio Ramos Berry<\/span><\/strong><\/em><span data-css=\"tve-u-166d3f421cc\"><em>.\u00a0<strong>Finalidad \u00bb<\/strong>\u00a0Resolver las dudas planteadas.\u00a0<\/em><\/span><span data-css=\"tve-u-166d3f421ce\"><em><strong>Legitimaci\u00f3n \u00bb\u00a0<\/strong>Tu consentimiento (que est\u00e1s de acuerdo).\u00a0<strong>Destinatarios \u00bb\u00a0<\/strong>Tus datos se encuentran alojados en mi plataforma de hosting de Raiola.\u00a0<\/em><\/span><span data-css=\"tve-u-166d3f421d8\"><em><strong>Derechos \u00bb\u00a0<\/strong>Por supuesto tienes derecho, entre otros, de Acceso, Rectificaci\u00f3n, Limitaci\u00f3n o Suprimir tus datos enviando un email a legal@ac-aventuras.com o ante la Autoridad de Control. Encontrar\u00e1s\u00a0<strong>m\u00e1s informaci\u00f3n<\/strong>\u00a0en la\u00a0<\/em><\/span><a href=\"https:\/\/ac-aventuras.com\/index.php\/privacy-policy\/\" target=\"_blank\" rel=\"noopener\"><span data-css=\"tve-u-166d3f421db\"><em>pol\u00edtica de privacidad<\/em><\/span><\/a><\/p>\t\t\t\t\t<\/div>\n\t\t\t\t\t\t<\/div>\n\t\t\t\t<\/div>\n\t\t\t\t\t\t<\/div>\n\t\t\t\t\t<\/div>\n\t\t<\/div>\n\t\t\t\t\t\t\t\t<\/div>\n\t\t\t\t\t<\/div>\n\t\t<\/section>\n\t\t\t\t\t\t<\/div>\n\t\t\t\t\t\t<\/div>\n\t\t\t\t\t<\/div>\n\t\t","protected":false},"excerpt":{"rendered":"<p>CONTACTANOS Y COMPARTE TUS&#8230; DUDAS, PREGUNTAS, PROPUESTAS&#8230; Puedes contactar con nosotros, para lo que necesites, utilizando los siguientes medios de comunicaci\u00f3n. Eso s\u00ed, a veces no podemos responder al instante. Por eso, te pedimos paciencia ya que atendemos y damos repuesta a todos los mensajes y correos que nos llegan, siempre que sigan las siguientes &#8230; <a title=\"CONTACTO\" class=\"read-more\" href=\"https:\/\/ac-aventuras.com\/index.php\/contacto\/\">Leer m\u00e1s <span class=\"screen-reader-text\">CONTACTO<\/span><\/a><\/p>\n","protected":false},"author":1,"featured_media":0,"parent":0,"menu_order":0,"comment_status":"closed","ping_status":"closed","template":"","meta":{"_mi_skip_tracking":false,"_monsterinsights_sitenote_active":false,"_monsterinsights_sitenote_note":"","_monsterinsights_sitenote_category":0,"footnotes":""},"yoast_head":"<!-- This site is optimized with the Yoast SEO plugin v15.3 - https:\/\/yoast.com\/wordpress\/plugins\/seo\/ -->\n<title>CONTACTO - Aventuras en Autocaravana<\/title>\n<meta name=\"robots\" content=\"index, follow, max-snippet:-1, max-image-preview:large, max-video-preview:-1\" \/>\n<link rel=\"canonical\" href=\"https:\/\/ac-aventuras.com\/index.php\/contacto\/\" \/>\n<meta property=\"og:locale\" content=\"es_ES\" \/>\n<meta property=\"og:type\" content=\"article\" \/>\n<meta property=\"og:title\" content=\"CONTACTO - Aventuras en Autocaravana\" \/>\n<meta property=\"og:description\" content=\"CONTACTANOS Y COMPARTE TUS&#8230; DUDAS, PREGUNTAS, PROPUESTAS&#8230; Puedes contactar con nosotros, para lo que necesites, utilizando los siguientes medios de comunicaci\u00f3n. Eso s\u00ed, a veces no podemos responder al instante. Por eso, te pedimos paciencia ya que atendemos y damos repuesta a todos los mensajes y correos que nos llegan, siempre que sigan las siguientes ... Leer m\u00e1s CONTACTO\" \/>\n<meta property=\"og:url\" content=\"https:\/\/ac-aventuras.com\/index.php\/contacto\/\" \/>\n<meta property=\"og:site_name\" content=\"Aventuras en Autocaravana\" \/>\n<meta property=\"article:modified_time\" content=\"2020-06-01T16:17:33+00:00\" \/>\n<meta name=\"twitter:card\" content=\"summary_large_image\" \/>\n<meta name=\"twitter:label1\" content=\"Escrito por\">\n\t<meta name=\"twitter:data1\" content=\"T.J. Berry\">\n\t<meta name=\"twitter:label2\" content=\"Tiempo de lectura\">\n\t<meta name=\"twitter:data2\" content=\"1 minuto\">\n<script type=\"application\/ld+json\" class=\"yoast-schema-graph\">{\"@context\":\"https:\/\/schema.org\",\"@graph\":[{\"@type\":\"WebSite\",\"@id\":\"https:\/\/ac-aventuras.com\/#website\",\"url\":\"https:\/\/ac-aventuras.com\/\",\"name\":\"Aventuras en Autocaravana\",\"description\":\"Vive tu aventura en autocaravana\",\"potentialAction\":[{\"@type\":\"SearchAction\",\"target\":\"https:\/\/ac-aventuras.com\/?s={search_term_string}\",\"query-input\":\"required name=search_term_string\"}],\"inLanguage\":\"es\"},{\"@type\":\"WebPage\",\"@id\":\"https:\/\/ac-aventuras.com\/index.php\/contacto\/#webpage\",\"url\":\"https:\/\/ac-aventuras.com\/index.php\/contacto\/\",\"name\":\"CONTACTO - Aventuras en Autocaravana\",\"isPartOf\":{\"@id\":\"https:\/\/ac-aventuras.com\/#website\"},\"datePublished\":\"2020-03-30T17:09:06+00:00\",\"dateModified\":\"2020-06-01T16:17:33+00:00\",\"inLanguage\":\"es\",\"potentialAction\":[{\"@type\":\"ReadAction\",\"target\":[\"https:\/\/ac-aventuras.com\/index.php\/contacto\/\"]}]}]}<\/script>\n<!-- \/ Yoast SEO plugin. -->","_links":{"self":[{"href":"https:\/\/ac-aventuras.com\/index.php\/wp-json\/wp\/v2\/pages\/446"}],"collection":[{"href":"https:\/\/ac-aventuras.com\/index.php\/wp-json\/wp\/v2\/pages"}],"about":[{"href":"https:\/\/ac-aventuras.com\/index.php\/wp-json\/wp\/v2\/types\/page"}],"author":[{"embeddable":true,"href":"https:\/\/ac-aventuras.com\/index.php\/wp-json\/wp\/v2\/users\/1"}],"replies":[{"embeddable":true,"href":"https:\/\/ac-aventuras.com\/index.php\/wp-json\/wp\/v2\/comments?post=446"}],"version-history":[{"count":55,"href":"https:\/\/ac-aventuras.com\/index.php\/wp-json\/wp\/v2\/pages\/446\/revisions"}],"predecessor-version":[{"id":1396,"href":"https:\/\/ac-aventuras.com\/index.php\/wp-json\/wp\/v2\/pages\/446\/revisions\/1396"}],"wp:attachment":[{"href":"https:\/\/ac-aventuras.com\/index.php\/wp-json\/wp\/v2\/media?parent=446"}],"curies":[{"name":"wp","href":"https:\/\/api.w.org\/{rel}","templated":true}]}}