{"id":553,"date":"2020-04-06T12:56:44","date_gmt":"2020-04-06T10:56:44","guid":{"rendered":"https:\/\/ac-aventuras.com\/?page_id=553"},"modified":"2020-04-23T18:57:00","modified_gmt":"2020-04-23T16:57:00","slug":"asesorias-de-viaje","status":"publish","type":"page","link":"https:\/\/ac-aventuras.com\/index.php\/asesorias-de-viaje\/","title":{"rendered":"A mi manera"},"content":{"rendered":"\t\t<div data-elementor-type=\"wp-page\" data-elementor-id=\"553\" class=\"elementor elementor-553\" data-elementor-settings=\"[]\">\n\t\t\t\t\t\t<div class=\"elementor-inner\">\n\t\t\t\t\t\t\t<div class=\"elementor-section-wrap\">\n\t\t\t\t\t\t\t<section class=\"elementor-section elementor-top-section elementor-element elementor-element-d8f0a2b elementor-section-boxed elementor-section-height-default elementor-section-height-default\" data-id=\"d8f0a2b\" data-element_type=\"section\">\n\t\t\t\t\t\t<div class=\"elementor-container elementor-column-gap-default\">\n\t\t\t\t\t\t\t<div class=\"elementor-row\">\n\t\t\t\t\t<div class=\"elementor-column elementor-col-100 elementor-top-column elementor-element elementor-element-a7b6a66\" data-id=\"a7b6a66\" data-element_type=\"column\">\n\t\t\t<div class=\"elementor-column-wrap elementor-element-populated\">\n\t\t\t\t\t\t\t<div class=\"elementor-widget-wrap\">\n\t\t\t\t\t\t<div class=\"elementor-element elementor-element-2a3a6b7 elementor-widget elementor-widget-heading\" data-id=\"2a3a6b7\" data-element_type=\"widget\" data-widget_type=\"heading.default\">\n\t\t\t\t<div class=\"elementor-widget-container\">\n\t\t\t<h2 class=\"elementor-heading-title elementor-size-default\">A MI AIRE<\/h2>\t\t<\/div>\n\t\t\t\t<\/div>\n\t\t\t\t<div class=\"elementor-element elementor-element-32ba90b elementor-widget elementor-widget-spacer\" data-id=\"32ba90b\" data-element_type=\"widget\" data-widget_type=\"spacer.default\">\n\t\t\t\t<div class=\"elementor-widget-container\">\n\t\t\t\t\t<div class=\"elementor-spacer\">\n\t\t\t<div class=\"elementor-spacer-inner\"><\/div>\n\t\t<\/div>\n\t\t\t\t<\/div>\n\t\t\t\t<\/div>\n\t\t\t\t<div class=\"elementor-element elementor-element-a034fc8 elementor-widget elementor-widget-text-editor\" data-id=\"a034fc8\" data-element_type=\"widget\" data-widget_type=\"text-editor.default\">\n\t\t\t\t<div class=\"elementor-widget-container\">\n\t\t\t\t\t\t\t\t<div class=\"elementor-text-editor elementor-clearfix\">\n\t\t\t\t<p>A tu manera te da la opci\u00f3n de elegir una gu\u00eda de viaje para planificar tu viaje, o bien, contratar con nosotros una asesor\u00eda personalizada y que tu <b>viaje en autocarvana<\/b> sea \u00fanico e inolvidable.<\/p>\t\t\t\t\t<\/div>\n\t\t\t\t\t\t<\/div>\n\t\t\t\t<\/div>\n\t\t\t\t<section class=\"elementor-section elementor-inner-section elementor-element elementor-element-45f8b0b elementor-section-boxed elementor-section-height-default elementor-section-height-default\" data-id=\"45f8b0b\" data-element_type=\"section\">\n\t\t\t\t\t\t<div class=\"elementor-container elementor-column-gap-default\">\n\t\t\t\t\t\t\t<div class=\"elementor-row\">\n\t\t\t\t\t<div class=\"elementor-column elementor-col-50 elementor-inner-column elementor-element elementor-element-96965d5\" data-id=\"96965d5\" data-element_type=\"column\">\n\t\t\t<div class=\"elementor-column-wrap elementor-element-populated\">\n\t\t\t\t\t\t\t<div class=\"elementor-widget-wrap\">\n\t\t\t\t\t\t<div class=\"elementor-element elementor-element-6c1a0ca elementor-widget elementor-widget-image\" data-id=\"6c1a0ca\" data-element_type=\"widget\" data-widget_type=\"image.default\">\n\t\t\t\t<div class=\"elementor-widget-container\">\n\t\t\t\t\t\t\t\t<div class=\"elementor-image\">\n\t\t\t\t\t\t\t\t\t\t\t\t<img decoding=\"async\" loading=\"lazy\" width=\"247\" height=\"300\" src=\"https:\/\/ac-aventuras.com\/wp-content\/uploads\/2020\/04\/binderlayingopen_506x615-247x300.png\" class=\"attachment-medium size-medium\" alt=\"\" srcset=\"https:\/\/ac-aventuras.com\/wp-content\/uploads\/2020\/04\/binderlayingopen_506x615-247x300.png 247w, https:\/\/ac-aventuras.com\/wp-content\/uploads\/2020\/04\/binderlayingopen_506x615.png 506w\" sizes=\"(max-width: 247px) 100vw, 247px\" \/>\t\t\t\t\t\t\t\t\t\t\t\t\t\t<\/div>\n\t\t\t\t\t\t<\/div>\n\t\t\t\t<\/div>\n\t\t\t\t<div class=\"elementor-element elementor-element-f40e6a9 elementor-align-center elementor-widget elementor-widget-button\" data-id=\"f40e6a9\" data-element_type=\"widget\" data-widget_type=\"button.default\">\n\t\t\t\t<div class=\"elementor-widget-container\">\n\t\t\t\t\t<div class=\"elementor-button-wrapper\">\n\t\t\t<a href=\"https:\/\/ac-aventuras.com\/index.php\/solicitud-guias\/\" class=\"elementor-button-link elementor-button elementor-size-sm elementor-animation-grow\" role=\"button\">\n\t\t\t\t\t\t<span class=\"elementor-button-content-wrapper\">\n\t\t\t\t\t\t<span class=\"elementor-button-text\">Quiero una guia de viaje<\/span>\n\t\t<\/span>\n\t\t\t\t\t<\/a>\n\t\t<\/div>\n\t\t\t\t<\/div>\n\t\t\t\t<\/div>\n\t\t\t\t\t\t<\/div>\n\t\t\t\t\t<\/div>\n\t\t<\/div>\n\t\t\t\t<div class=\"elementor-column elementor-col-50 elementor-inner-column elementor-element elementor-element-ae704d2\" data-id=\"ae704d2\" data-element_type=\"column\">\n\t\t\t<div class=\"elementor-column-wrap elementor-element-populated\">\n\t\t\t\t\t\t\t<div class=\"elementor-widget-wrap\">\n\t\t\t\t\t\t<div class=\"elementor-element elementor-element-b84e651 elementor-widget elementor-widget-image\" data-id=\"b84e651\" data-element_type=\"widget\" data-widget_type=\"image.default\">\n\t\t\t\t<div class=\"elementor-widget-container\">\n\t\t\t\t\t\t\t\t<div class=\"elementor-image\">\n\t\t\t\t\t\t\t\t\t\t\t\t<img decoding=\"async\" loading=\"lazy\" width=\"300\" height=\"268\" src=\"https:\/\/ac-aventuras.com\/wp-content\/uploads\/2020\/04\/paperbackstack_511x457-300x268.png\" class=\"attachment-medium size-medium\" alt=\"\" srcset=\"https:\/\/ac-aventuras.com\/wp-content\/uploads\/2020\/04\/paperbackstack_511x457-300x268.png 300w, https:\/\/ac-aventuras.com\/wp-content\/uploads\/2020\/04\/paperbackstack_511x457.png 511w\" sizes=\"(max-width: 300px) 100vw, 300px\" \/>\t\t\t\t\t\t\t\t\t\t\t\t\t\t<\/div>\n\t\t\t\t\t\t<\/div>\n\t\t\t\t<\/div>\n\t\t\t\t<div class=\"elementor-element elementor-element-1656fb3 elementor-align-center elementor-widget elementor-widget-button\" data-id=\"1656fb3\" data-element_type=\"widget\" data-widget_type=\"button.default\">\n\t\t\t\t<div class=\"elementor-widget-container\">\n\t\t\t\t\t<div class=\"elementor-button-wrapper\">\n\t\t\t<a href=\"https:\/\/ac-aventuras.com\/index.php\/asesoria-personalizada\/\" class=\"elementor-button-link elementor-button elementor-size-sm elementor-animation-grow\" role=\"button\">\n\t\t\t\t\t\t<span class=\"elementor-button-content-wrapper\">\n\t\t\t\t\t\t<span class=\"elementor-button-text\">Quiero una asesor\u00eda de viajes<\/span>\n\t\t<\/span>\n\t\t\t\t\t<\/a>\n\t\t<\/div>\n\t\t\t\t<\/div>\n\t\t\t\t<\/div>\n\t\t\t\t\t\t<\/div>\n\t\t\t\t\t<\/div>\n\t\t<\/div>\n\t\t\t\t\t\t\t\t<\/div>\n\t\t\t\t\t<\/div>\n\t\t<\/section>\n\t\t\t\t\t\t<\/div>\n\t\t\t\t\t<\/div>\n\t\t<\/div>\n\t\t\t\t\t\t\t\t<\/div>\n\t\t\t\t\t<\/div>\n\t\t<\/section>\n\t\t\t\t\t\t<\/div>\n\t\t\t\t\t\t<\/div>\n\t\t\t\t\t<\/div>\n\t\t","protected":false},"excerpt":{"rendered":"<p>A MI AIRE A tu manera te da la opci\u00f3n de elegir una gu\u00eda de viaje para planificar tu viaje, o bien, contratar con nosotros una asesor\u00eda personalizada y que tu viaje en autocarvana sea \u00fanico e inolvidable. Quiero una guia de viaje Quiero una asesor\u00eda de viajes<\/p>\n","protected":false},"author":1,"featured_media":0,"parent":0,"menu_order":0,"comment_status":"closed","ping_status":"closed","template":"elementor_canvas","meta":{"_mi_skip_tracking":false,"_monsterinsights_sitenote_active":false,"_monsterinsights_sitenote_note":"","_monsterinsights_sitenote_category":0,"footnotes":""},"yoast_head":"<!-- This site is optimized with the Yoast SEO plugin v15.3 - https:\/\/yoast.com\/wordpress\/plugins\/seo\/ -->\n<title>A mi manera - Aventuras en Autocaravana<\/title>\n<meta name=\"robots\" content=\"index, follow, max-snippet:-1, max-image-preview:large, max-video-preview:-1\" \/>\n<link rel=\"canonical\" href=\"https:\/\/ac-aventuras.com\/index.php\/asesorias-de-viaje\/\" \/>\n<meta property=\"og:locale\" content=\"es_ES\" \/>\n<meta property=\"og:type\" content=\"article\" \/>\n<meta property=\"og:title\" content=\"A mi manera - Aventuras en Autocaravana\" \/>\n<meta property=\"og:description\" content=\"A MI AIRE A tu manera te da la opci\u00f3n de elegir una gu\u00eda de viaje para planificar tu viaje, o bien, contratar con nosotros una asesor\u00eda personalizada y que tu viaje en autocarvana sea \u00fanico e inolvidable. Quiero una guia de viaje Quiero una asesor\u00eda de viajes\" \/>\n<meta property=\"og:url\" content=\"https:\/\/ac-aventuras.com\/index.php\/asesorias-de-viaje\/\" \/>\n<meta property=\"og:site_name\" content=\"Aventuras en Autocaravana\" \/>\n<meta property=\"article:modified_time\" content=\"2020-04-23T16:57:00+00:00\" \/>\n<meta property=\"og:image\" content=\"https:\/\/ac-aventuras.com\/wp-content\/uploads\/2020\/04\/binderlayingopen_506x615-247x300.png\" \/>\n<meta name=\"twitter:card\" content=\"summary_large_image\" \/>\n<meta name=\"twitter:label1\" content=\"Escrito por\">\n\t<meta name=\"twitter:data1\" content=\"T.J. Berry\">\n\t<meta name=\"twitter:label2\" content=\"Tiempo de lectura\">\n\t<meta name=\"twitter:data2\" content=\"0 minutos\">\n<script type=\"application\/ld+json\" class=\"yoast-schema-graph\">{\"@context\":\"https:\/\/schema.org\",\"@graph\":[{\"@type\":\"WebSite\",\"@id\":\"https:\/\/ac-aventuras.com\/#website\",\"url\":\"https:\/\/ac-aventuras.com\/\",\"name\":\"Aventuras en Autocaravana\",\"description\":\"Vive tu aventura en autocaravana\",\"potentialAction\":[{\"@type\":\"SearchAction\",\"target\":\"https:\/\/ac-aventuras.com\/?s={search_term_string}\",\"query-input\":\"required name=search_term_string\"}],\"inLanguage\":\"es\"},{\"@type\":\"ImageObject\",\"@id\":\"https:\/\/ac-aventuras.com\/index.php\/asesorias-de-viaje\/#primaryimage\",\"inLanguage\":\"es\",\"url\":\"https:\/\/ac-aventuras.com\/wp-content\/uploads\/2020\/04\/binderlayingopen_506x615.png\",\"width\":506,\"height\":615},{\"@type\":\"WebPage\",\"@id\":\"https:\/\/ac-aventuras.com\/index.php\/asesorias-de-viaje\/#webpage\",\"url\":\"https:\/\/ac-aventuras.com\/index.php\/asesorias-de-viaje\/\",\"name\":\"A mi manera - Aventuras en Autocaravana\",\"isPartOf\":{\"@id\":\"https:\/\/ac-aventuras.com\/#website\"},\"primaryImageOfPage\":{\"@id\":\"https:\/\/ac-aventuras.com\/index.php\/asesorias-de-viaje\/#primaryimage\"},\"datePublished\":\"2020-04-06T10:56:44+00:00\",\"dateModified\":\"2020-04-23T16:57:00+00:00\",\"inLanguage\":\"es\",\"potentialAction\":[{\"@type\":\"ReadAction\",\"target\":[\"https:\/\/ac-aventuras.com\/index.php\/asesorias-de-viaje\/\"]}]}]}<\/script>\n<!-- \/ Yoast SEO plugin. -->","_links":{"self":[{"href":"https:\/\/ac-aventuras.com\/index.php\/wp-json\/wp\/v2\/pages\/553"}],"collection":[{"href":"https:\/\/ac-aventuras.com\/index.php\/wp-json\/wp\/v2\/pages"}],"about":[{"href":"https:\/\/ac-aventuras.com\/index.php\/wp-json\/wp\/v2\/types\/page"}],"author":[{"embeddable":true,"href":"https:\/\/ac-aventuras.com\/index.php\/wp-json\/wp\/v2\/users\/1"}],"replies":[{"embeddable":true,"href":"https:\/\/ac-aventuras.com\/index.php\/wp-json\/wp\/v2\/comments?post=553"}],"version-history":[{"count":30,"href":"https:\/\/ac-aventuras.com\/index.php\/wp-json\/wp\/v2\/pages\/553\/revisions"}],"predecessor-version":[{"id":1120,"href":"https:\/\/ac-aventuras.com\/index.php\/wp-json\/wp\/v2\/pages\/553\/revisions\/1120"}],"wp:attachment":[{"href":"https:\/\/ac-aventuras.com\/index.php\/wp-json\/wp\/v2\/media?parent=553"}],"curies":[{"name":"wp","href":"https:\/\/api.w.org\/{rel}","templated":true}]}}