{"id":616,"date":"2020-04-08T13:03:03","date_gmt":"2020-04-08T11:03:03","guid":{"rendered":"https:\/\/ac-aventuras.com\/?page_id=616"},"modified":"2021-11-08T13:43:45","modified_gmt":"2021-11-08T11:43:45","slug":"solicitud-guias","status":"publish","type":"page","link":"https:\/\/ac-aventuras.com\/index.php\/solicitud-guias\/","title":{"rendered":"Solicitud guias"},"content":{"rendered":"\t\t<div data-elementor-type=\"wp-page\" data-elementor-id=\"616\" class=\"elementor elementor-616\" data-elementor-settings=\"[]\">\n\t\t\t\t\t\t<div class=\"elementor-inner\">\n\t\t\t\t\t\t\t<div class=\"elementor-section-wrap\">\n\t\t\t\t\t\t\t<section class=\"elementor-section elementor-top-section elementor-element elementor-element-874aa68 elementor-section-boxed elementor-section-height-default elementor-section-height-default\" data-id=\"874aa68\" data-element_type=\"section\">\n\t\t\t\t\t\t<div class=\"elementor-container elementor-column-gap-default\">\n\t\t\t\t\t\t\t<div class=\"elementor-row\">\n\t\t\t\t\t<div class=\"elementor-column elementor-col-100 elementor-top-column elementor-element elementor-element-e1051c6\" data-id=\"e1051c6\" data-element_type=\"column\">\n\t\t\t<div class=\"elementor-column-wrap elementor-element-populated\">\n\t\t\t\t\t\t\t<div class=\"elementor-widget-wrap\">\n\t\t\t\t\t\t<div class=\"elementor-element elementor-element-21bcd80 elementor-widget elementor-widget-image\" data-id=\"21bcd80\" data-element_type=\"widget\" data-widget_type=\"image.default\">\n\t\t\t\t<div class=\"elementor-widget-container\">\n\t\t\t\t\t\t\t\t<div class=\"elementor-image\">\n\t\t\t\t\t\t\t\t\t\t\t\t<img decoding=\"async\" loading=\"lazy\" width=\"200\" height=\"200\" src=\"https:\/\/ac-aventuras.com\/wp-content\/uploads\/2020\/04\/8a129935-1368-426e-a220-d983a4c6a5ff_200x200.png\" class=\"attachment-large size-large\" alt=\"\" srcset=\"https:\/\/ac-aventuras.com\/wp-content\/uploads\/2020\/04\/8a129935-1368-426e-a220-d983a4c6a5ff_200x200.png 200w, https:\/\/ac-aventuras.com\/wp-content\/uploads\/2020\/04\/8a129935-1368-426e-a220-d983a4c6a5ff_200x200-150x150.png 150w\" sizes=\"(max-width: 200px) 100vw, 200px\" \/>\t\t\t\t\t\t\t\t\t\t\t\t\t\t<\/div>\n\t\t\t\t\t\t<\/div>\n\t\t\t\t<\/div>\n\t\t\t\t<div class=\"elementor-element elementor-element-5a9d213 elementor-widget elementor-widget-text-editor\" data-id=\"5a9d213\" data-element_type=\"widget\" data-widget_type=\"text-editor.default\">\n\t\t\t\t<div class=\"elementor-widget-container\">\n\t\t\t\t\t\t\t\t<div class=\"elementor-text-editor elementor-clearfix\">\n\t\t\t\t<p>Nuestras gu\u00edas se confeccionan bajo petici\u00f3n.<\/p><p>Son gu\u00edas que contienen todos los datos para que tu mismo puedas preparar tu ruta, sin perder tiempo buscando y buscando informaci\u00f3n. Nosotros lo hacemos por ti.<\/p><p>Su coste es de 24 euros + I.V.A.\u00a0\u00a0<\/p><p>Si lo que quieres\u00a0 es que planifiquemos tu viaje a medida, teniendo en cuenta tus gustos, tu manera de viajar, tus inquietudes, tambi\u00e9n te ofrecemos nuestras<a href=\"https:\/\/ac-aventuras.com\/index.php\/asesoria-personalizada\/\"> <strong>asesor\u00edas de viaje<\/strong><\/a> personalizadas, en las tu eres la persona protagonista. Tu viaje ser\u00e1 \u00fanico.\u00a0<\/p>\t\t\t\t\t<\/div>\n\t\t\t\t\t\t<\/div>\n\t\t\t\t<\/div>\n\t\t\t\t<div class=\"elementor-element elementor-element-1bf3621 elementor-button-align-center elementor-widget elementor-widget-form\" data-id=\"1bf3621\" data-element_type=\"widget\" data-settings=\"{&quot;_animation&quot;:&quot;none&quot;,&quot;step_next_label&quot;:&quot;Next&quot;,&quot;step_previous_label&quot;:&quot;Previous&quot;,&quot;button_width&quot;:&quot;100&quot;,&quot;step_type&quot;:&quot;number_text&quot;,&quot;step_icon_shape&quot;:&quot;circle&quot;}\" data-widget_type=\"form.default\">\n\t\t\t\t<div class=\"elementor-widget-container\">\n\t\t\t\t\t<form class=\"elementor-form\" method=\"post\" name=\"solicitud de gu\u00edas\">\n\t\t\t<input type=\"hidden\" name=\"post_id\" value=\"616\"\/>\n\t\t\t<input type=\"hidden\" name=\"form_id\" value=\"1bf3621\"\/>\n\n\t\t\t\n\t\t\t<div class=\"elementor-form-fields-wrapper elementor-labels-above\">\n\t\t\t\t\t\t\t\t<div class=\"elementor-field-type-text elementor-field-group elementor-column elementor-field-group-name elementor-col-100\">\n\t\t\t\t\t<label for=\"form-field-name\" class=\"elementor-field-label\">Nombre<\/label><input size=\"1\" type=\"text\" name=\"form_fields[name]\" id=\"form-field-name\" class=\"elementor-field elementor-size-sm  elementor-field-textual\" placeholder=\"Escribe tu nombre \">\t\t\t\t<\/div>\n\t\t\t\t\t\t\t\t<div class=\"elementor-field-type-email elementor-field-group elementor-column elementor-field-group-email elementor-col-100 elementor-field-required elementor-mark-required\">\n\t\t\t\t\t<label for=\"form-field-email\" class=\"elementor-field-label\">Email<\/label><input size=\"1\" type=\"email\" name=\"form_fields[email]\" id=\"form-field-email\" class=\"elementor-field elementor-size-sm  elementor-field-textual\" placeholder=\"Escribe tu mejor e-mail\" required=\"required\" aria-required=\"true\">\t\t\t\t<\/div>\n\t\t\t\t\t\t\t\t<div class=\"elementor-field-type-textarea elementor-field-group elementor-column elementor-field-group-message elementor-col-100\">\n\t\t\t\t\t<label for=\"form-field-message\" class=\"elementor-field-label\">Elige la gu\u00eda de tu viaje en autocaravana <\/label><textarea class=\"elementor-field-textual elementor-field  elementor-size-sm\" name=\"form_fields[message]\" id=\"form-field-message\" rows=\"4\" placeholder=\"Elige tipo de gu\u00eda y tu destino\"><\/textarea>\t\t\t\t<\/div>\n\t\t\t\t\t\t\t\t<div class=\"elementor-field-type-checkbox elementor-field-group elementor-column elementor-field-group-field_1 elementor-col-100\">\n\t\t\t\t\t<div class=\"elementor-field-subgroup  elementor-subgroup-inline\"><span class=\"elementor-field-option\"><input type=\"checkbox\" value=\"Acepto la pol\u00edtica de privacidad\" id=\"form-field-field_1-0\" name=\"form_fields[field_1]\"> <label for=\"form-field-field_1-0\">Acepto la pol\u00edtica de privacidad<\/label><\/span><\/div>\t\t\t\t<\/div>\n\t\t\t\t\t\t\t\t<div class=\"elementor-field-group elementor-column elementor-field-type-submit elementor-col-100 e-form__buttons\">\n\t\t\t\t\t<button type=\"submit\" class=\"elementor-button elementor-size-sm elementor-animation-grow\">\n\t\t\t\t\t\t<span >\n\t\t\t\t\t\t\t\t\t\t\t\t\t\t\t<span class=\"elementor-align-icon-right elementor-button-icon\">\n\t\t\t\t\t\t\t\t\t<i aria-hidden=\"true\" class=\"fas fa-envelope-square\"><\/i>\t\t\t\t\t\t\t\t\t\t\t\t\t\t\t\t\t<\/span>\n\t\t\t\t\t\t\t\t\t\t\t\t\t\t\t\t\t\t\t\t\t\t<span class=\"elementor-button-text\">ENV\u00cdAME LA GU\u00cdA<\/span>\n\t\t\t\t\t\t\t\t\t\t\t\t\t<\/span>\n\t\t\t\t\t<\/button>\n\t\t\t\t<\/div>\n\t\t\t<\/div>\n\t\t<\/form>\n\t\t\t\t<\/div>\n\t\t\t\t<\/div>\n\t\t\t\t<div class=\"elementor-element elementor-element-ebd6382 elementor-widget elementor-widget-text-editor\" data-id=\"ebd6382\" data-element_type=\"widget\" data-widget_type=\"text-editor.default\">\n\t\t\t\t<div class=\"elementor-widget-container\">\n\t\t\t\t\t\t\t\t<div class=\"elementor-text-editor elementor-clearfix\">\n\t\t\t\t<p><span data-css=\"tve-u-166d3f421c8\"><strong><em>Responsable<u> <\/u>\u00bb<\/em><\/strong><\/span><em><strong><span data-css=\"tve-u-166d3f421ca\">\u00a0Antonio Ramos Berry<\/span><\/strong><\/em><span data-css=\"tve-u-166d3f421cc\"><em>.\u00a0<strong>Finalidad \u00bb<\/strong>\u00a0Resolver las dudas planteadas.\u00a0<\/em><\/span><span data-css=\"tve-u-166d3f421ce\"><em><strong>Legitimaci\u00f3n \u00bb\u00a0<\/strong>Tu consentimiento (que est\u00e1s de acuerdo).\u00a0<strong>Destinatarios \u00bb\u00a0<\/strong>Tus datos se encuentran alojados en mi plataforma de hosting de Raiola.\u00a0<\/em><\/span><span data-css=\"tve-u-166d3f421d8\"><em><strong>Derechos \u00bb\u00a0<\/strong>Por supuesto tienes derecho, entre otros, de Acceso, Rectificaci\u00f3n, Limitaci\u00f3n o Suprimir tus datos enviando un email a legal@ac-aventuras.com o ante la Autoridad de Control. Encontrar\u00e1s\u00a0<strong>m\u00e1s informaci\u00f3n<\/strong>\u00a0en la\u00a0<\/em><\/span><a href=\"https:\/\/ac-aventuras.com\/index.php\/privacy-policy\/\" target=\"_blank\" rel=\"noopener\"><span data-css=\"tve-u-166d3f421db\"><em>pol\u00edtica de privacidad<\/em><\/span><\/a><\/p>\t\t\t\t\t<\/div>\n\t\t\t\t\t\t<\/div>\n\t\t\t\t<\/div>\n\t\t\t\t<div class=\"elementor-element elementor-element-6b228f2 elementor-widget-divider--view-line elementor-widget elementor-widget-divider\" data-id=\"6b228f2\" data-element_type=\"widget\" data-widget_type=\"divider.default\">\n\t\t\t\t<div class=\"elementor-widget-container\">\n\t\t\t\t\t<div class=\"elementor-divider\">\n\t\t\t<span class=\"elementor-divider-separator\">\n\t\t\t\t\t\t<\/span>\n\t\t<\/div>\n\t\t\t\t<\/div>\n\t\t\t\t<\/div>\n\t\t\t\t\t\t<\/div>\n\t\t\t\t\t<\/div>\n\t\t<\/div>\n\t\t\t\t\t\t\t\t<\/div>\n\t\t\t\t\t<\/div>\n\t\t<\/section>\n\t\t\t\t\t\t<\/div>\n\t\t\t\t\t\t<\/div>\n\t\t\t\t\t<\/div>\n\t\t","protected":false},"excerpt":{"rendered":"<p>Nuestras gu\u00edas se confeccionan bajo petici\u00f3n. Son gu\u00edas que contienen todos los datos para que tu mismo puedas preparar tu ruta, sin perder tiempo buscando y buscando informaci\u00f3n. Nosotros lo hacemos por ti. Su coste es de 24 euros + I.V.A.\u00a0\u00a0 Si lo que quieres\u00a0 es que planifiquemos tu viaje a medida, teniendo en cuenta &#8230; <a title=\"Solicitud guias\" class=\"read-more\" href=\"https:\/\/ac-aventuras.com\/index.php\/solicitud-guias\/\">Leer m\u00e1s <span class=\"screen-reader-text\">Solicitud guias<\/span><\/a><\/p>\n","protected":false},"author":1,"featured_media":0,"parent":0,"menu_order":0,"comment_status":"closed","ping_status":"closed","template":"elementor_canvas","meta":{"_mi_skip_tracking":false,"_monsterinsights_sitenote_active":false,"_monsterinsights_sitenote_note":"","_monsterinsights_sitenote_category":0,"footnotes":""},"yoast_head":"<!-- This site is optimized with the Yoast SEO plugin v15.3 - https:\/\/yoast.com\/wordpress\/plugins\/seo\/ -->\n<title>Solicitud guias - Aventuras en Autocaravana<\/title>\n<meta name=\"robots\" content=\"index, follow, max-snippet:-1, max-image-preview:large, max-video-preview:-1\" \/>\n<link rel=\"canonical\" href=\"https:\/\/ac-aventuras.com\/index.php\/solicitud-guias\/\" \/>\n<meta property=\"og:locale\" content=\"es_ES\" \/>\n<meta property=\"og:type\" content=\"article\" \/>\n<meta property=\"og:title\" content=\"Solicitud guias - Aventuras en Autocaravana\" \/>\n<meta property=\"og:description\" content=\"Nuestras gu\u00edas se confeccionan bajo petici\u00f3n. Son gu\u00edas que contienen todos los datos para que tu mismo puedas preparar tu ruta, sin perder tiempo buscando y buscando informaci\u00f3n. Nosotros lo hacemos por ti. Su coste es de 24 euros + I.V.A.\u00a0\u00a0 Si lo que quieres\u00a0 es que planifiquemos tu viaje a medida, teniendo en cuenta ... Leer m\u00e1s Solicitud guias\" \/>\n<meta property=\"og:url\" content=\"https:\/\/ac-aventuras.com\/index.php\/solicitud-guias\/\" \/>\n<meta property=\"og:site_name\" content=\"Aventuras en Autocaravana\" \/>\n<meta property=\"article:modified_time\" content=\"2021-11-08T11:43:45+00:00\" \/>\n<meta property=\"og:image\" content=\"https:\/\/ac-aventuras.com\/wp-content\/uploads\/2020\/04\/8a129935-1368-426e-a220-d983a4c6a5ff_200x200.png\" \/>\n<meta name=\"twitter:card\" content=\"summary_large_image\" \/>\n<meta name=\"twitter:label1\" content=\"Escrito por\">\n\t<meta name=\"twitter:data1\" content=\"T.J. Berry\">\n\t<meta name=\"twitter:label2\" content=\"Tiempo de lectura\">\n\t<meta name=\"twitter:data2\" content=\"1 minuto\">\n<script type=\"application\/ld+json\" class=\"yoast-schema-graph\">{\"@context\":\"https:\/\/schema.org\",\"@graph\":[{\"@type\":\"WebSite\",\"@id\":\"https:\/\/ac-aventuras.com\/#website\",\"url\":\"https:\/\/ac-aventuras.com\/\",\"name\":\"Aventuras en Autocaravana\",\"description\":\"Vive tu aventura en autocaravana\",\"potentialAction\":[{\"@type\":\"SearchAction\",\"target\":\"https:\/\/ac-aventuras.com\/?s={search_term_string}\",\"query-input\":\"required name=search_term_string\"}],\"inLanguage\":\"es\"},{\"@type\":\"ImageObject\",\"@id\":\"https:\/\/ac-aventuras.com\/index.php\/solicitud-guias\/#primaryimage\",\"inLanguage\":\"es\",\"url\":\"https:\/\/ac-aventuras.com\/wp-content\/uploads\/2020\/04\/8a129935-1368-426e-a220-d983a4c6a5ff_200x200.png\",\"width\":200,\"height\":200},{\"@type\":\"WebPage\",\"@id\":\"https:\/\/ac-aventuras.com\/index.php\/solicitud-guias\/#webpage\",\"url\":\"https:\/\/ac-aventuras.com\/index.php\/solicitud-guias\/\",\"name\":\"Solicitud guias - Aventuras en Autocaravana\",\"isPartOf\":{\"@id\":\"https:\/\/ac-aventuras.com\/#website\"},\"primaryImageOfPage\":{\"@id\":\"https:\/\/ac-aventuras.com\/index.php\/solicitud-guias\/#primaryimage\"},\"datePublished\":\"2020-04-08T11:03:03+00:00\",\"dateModified\":\"2021-11-08T11:43:45+00:00\",\"inLanguage\":\"es\",\"potentialAction\":[{\"@type\":\"ReadAction\",\"target\":[\"https:\/\/ac-aventuras.com\/index.php\/solicitud-guias\/\"]}]}]}<\/script>\n<!-- \/ Yoast SEO plugin. -->","_links":{"self":[{"href":"https:\/\/ac-aventuras.com\/index.php\/wp-json\/wp\/v2\/pages\/616"}],"collection":[{"href":"https:\/\/ac-aventuras.com\/index.php\/wp-json\/wp\/v2\/pages"}],"about":[{"href":"https:\/\/ac-aventuras.com\/index.php\/wp-json\/wp\/v2\/types\/page"}],"author":[{"embeddable":true,"href":"https:\/\/ac-aventuras.com\/index.php\/wp-json\/wp\/v2\/users\/1"}],"replies":[{"embeddable":true,"href":"https:\/\/ac-aventuras.com\/index.php\/wp-json\/wp\/v2\/comments?post=616"}],"version-history":[{"count":33,"href":"https:\/\/ac-aventuras.com\/index.php\/wp-json\/wp\/v2\/pages\/616\/revisions"}],"predecessor-version":[{"id":1685,"href":"https:\/\/ac-aventuras.com\/index.php\/wp-json\/wp\/v2\/pages\/616\/revisions\/1685"}],"wp:attachment":[{"href":"https:\/\/ac-aventuras.com\/index.php\/wp-json\/wp\/v2\/media?parent=616"}],"curies":[{"name":"wp","href":"https:\/\/api.w.org\/{rel}","templated":true}]}}